{"id":16398,"date":"2018-10-17T13:29:44","date_gmt":"2018-10-17T11:29:44","guid":{"rendered":"https:\/\/www.enemalta.com.mt\/ikkuntattja-lit-tim-taghna-li-jipprovdi-assistenza-ghall-klijenti\/"},"modified":"2022-03-01T10:24:21","modified_gmt":"2022-03-01T09:24:21","slug":"ikkuntattja-lit-tim-taghna-li-jipprovdi-assistenza-ghall-klijenti","status":"publish","type":"page","link":"https:\/\/enemalta.com.mt\/mt\/ikkuntattja-lit-tim-taghna-li-jipprovdi-assistenza-ghall-klijenti\/","title":{"rendered":"Ikkuntattja lit-tim tag\u0127na li jipprovdi assistenza g\u0127all-klijenti"},"content":{"rendered":"<div class=\"fusion-fullwidth fullwidth-box fusion-builder-row-1 nonhundred-percent-fullwidth non-hundred-percent-height-scrolling\" style=\"--awb-border-radius-top-left:0px;--awb-border-radius-top-right:0px;--awb-border-radius-bottom-right:0px;--awb-border-radius-bottom-left:0px;--awb-flex-wrap:wrap;\" ><div class=\"fusion-builder-row fusion-row\"><div class=\"fusion-layout-column fusion_builder_column fusion-builder-column-0 fusion_builder_column_1_1 1_1 fusion-one-full fusion-column-first fusion-column-last\" style=\"--awb-bg-size:cover;--awb-margin-bottom:0px;\"><div class=\"fusion-column-wrapper fusion-flex-column-wrapper-legacy\"><div class=\"fusion-text fusion-text-1\"><p style=\"text-align: center; font-size: 33px; line-height: 50px;\">Ikkuntattja lit-tim tag\u0127na li jipprovdi assistenza g\u0127all-klijenti<\/p>\n<\/div><div class=\"fusion-text fusion-text-2\" style=\"--awb-text-transform:none;\"><p>In\u0127e\u0121\u0121uk tag\u0127mel kuntatt mat-tim ta\u2019 Enemalta li jipprovdi assistenza g\u0127all-klijenti sabiex:<\/p>\n<ul>\n<li>tirrapporta<a href=\"\/?p=13849\"><strong> \u0127sarat<\/strong><\/a><\/li>\n<li>tirrapporta <a href=\"\/?page_id=12023\"><strong>qtug\u0127 fil-provvista tal-elettriku<\/strong><\/a> jew diffikultajiet tekni\u010bi o\u0127ra fil-provvista tal-elettriku tieg\u0127ek;<\/li>\n<li>titlob <a href=\"\/?p=13824\"><strong>dettalji tekni\u010bi<\/strong><\/a> dwar is-servizzi tal-elettriku tag\u0127na;<\/li>\n<li>tg\u0127arrafna dwar <a href=\"\/?page_id=14295\"><strong>\u0127sarat<\/strong> <\/a>fl-infrastruttura tad-distribuzzjoni tal-elettriku tag\u0127na, fosthom il-linji ta\u2019 barra, il-<em>cables<\/em> ta\u2019 ta\u0127t l-art, l-arbli tad-dawl, <em>substations<\/em> u apparat ie\u0127or relatat;<\/li>\n<li>tirrapporta <a href=\"https:\/\/www.enemalta.com.mt\/mt\/ikkuntattja-lit-tim-taghna-li-jipprovdi-assistenza-ghall-klijenti\/#contact-form\"><strong>irregolarit\u00e0<\/strong><\/a> b\u0127al serq tal-elettriku jew konnessjoni illegali mas-sistema tal-elettriku;<\/li>\n<li><strong>tag\u0127ti su\u0121\u0121erimenti g\u0127al titjib <\/strong><strong>u g\u0127al servizzi \u0121odda<\/strong>;<\/li>\n<li>tressaq <a href=\"\/?p=13849\"><strong>ilment<\/strong><\/a>;<\/li>\n<\/ul>\n<p><span style=\"color: #a0ce4e;\"><strong>24\/7 Helpline:<br \/>\n<\/strong><\/span><strong>8000 2224<br \/>\n<\/strong><\/p>\n<p>It-tim tag\u0127na huwa <strong>disponibbli l-\u0127in kollu fil-jiem kollha tas-sena<\/strong>, fosthom ukoll fil-btajjel pubbli\u010bi. A\u0127na dejjem lesti li nipprovduk b\u2019assistenza g\u0127al kull tip ta\u2019 emer\u0121enza teknika. F\u2019\u010berti ka\u017cijiet, ikun je\u0127tie\u0121 li ner\u0121g\u0127u nikkuntattjawk lura waqt il-\u0127inijiet tal-uffi\u010b\u010bju sabiex ng\u0127addulek iktar g\u0127ajnuna jew tag\u0127rif.<\/p>\n<p>A\u0127na dejjem nippruvaw inwie\u0121buk malajr kemm jista\u2019 jkun. Madankollu, waqt diffikultajiet b\u0127al f\u2019interruzzjonijiet mhux mistennija fin-<em>network<\/em> jew f\u2019kundizzjonijiet <em>\u0127\u017ciena<\/em> tat-temp, il-linji tag\u0127na \u0121eneralment ikunu iktar okkupati mis-soltu. G\u0127aldaqstant, sfortunatament jista\u2019 jkun li ndumu daqsxejn iktar biex inwie\u0121bu t-telefonata tieg\u0127ek.<\/p>\n<p>Waqt li tkun qed tistenna fuq il-linja, nistg\u0127u ng\u0127addulek messa\u0121\u0121i irre\u0121istrati sabiex ng\u0127arrfuk bi\u017c-\u017coni affettwati b\u2019interruzzjonijiet fin-<em>network<\/em>, kif ukoll bil-\u0127in li l-provvista mistennija terga\u2019 ti\u0121i lura. Jekk ta\u0127seb li s-servizz huwa fi\u017c-\u017coni msemmija, nitolbuk \u0121entilment taqta\u2019 sabiex il-linji jin\u017cammu liberi g\u0127al klijenti li jixtiequ jirrapportaw emer\u0121enzi o\u0127ra li a\u0127na ma nkunux nafu bihom.<\/p>\n<p><em>Waqt kundizzjonijiet \u0127\u017ciena tat-temp, nitolbuk \u0121entilment tibg\u0127atilna<\/em><a href=\"mailto:customercare.em@enemalta.com.mt?Subject=Website%20feedback\"><strong> email<\/strong><\/a><em> bil-mistoqsijiet tieg\u0127ek jew rapport tal-\u0127sarat illi m\u2019humiex jaffettwaw il-provvista jew jheddu s-sigurt\u00e0 tal-pubbliku. Dan sabiex il-linji tat-telefon jin\u017cammu liberi g\u0127al klijenti li je\u0127tie\u0121u g\u0127ajnuna ur\u0121enti.<\/em><\/p>\n<p><strong><span style=\"color: #a0ce4e;\">Indirizz elettroniku (email)<\/span><\/strong><\/p>\n<p><a href=\"mailto:customercare.em@enemalta.com.mt?Subject=Website%20feedback\"><strong>customercare.em@enemalta.com.mt<\/strong><\/a><br \/>\nPermezz ta\u2019 <em>email<\/em> tista\u2019 tibg\u0127atilna kwalunkwe mistoqsija jew kull xorta ta\u2019 talba g\u0127all-assistenza illi ma tirrikjedix attenzjoni ur\u0121enti. Nag\u0127mlu l-almu tag\u0127na sabiex nikkuntattjawk lura malajr kemm jista\u2019 jkun g\u0127al kull problema <strong>fi \u017cmien sebat ijiem<\/strong>. Tir\u010bievi twe\u0121iba provi\u017corja jekk ikun hemm b\u017conn ta\u2019 iktar \u017cmien g\u0127all-assistenza mitluba.<\/p>\n<p><em>Kemm-il darba jkollok <\/em><strong>talbiet ur\u0121enti<\/strong><em> g\u0127all-assistenza f\u2019dak li g\u0127andu x\u2019jaqsam ma\u2019 interruzzjonijiet fil-provvista, kwistjonijet ta\u2019 sigurt\u00e0 jew sitwazzjonijiet o\u0127ra ta\u2019 emer\u0121enza, <\/em><strong>inti mitlub tikkuntattjana <\/strong><em>mhux permezz ta\u2019 email,<\/em> <em>i\u017cda<\/em><strong> fuq in-numru ta\u2019 assistenza 24 sieg\u0127a kuljum<\/strong><em>.<\/em><\/p>\n<p><span style=\"color: #a0ce4e;\"><strong>Iktbilna fuq<br \/>\n<\/strong><\/span><strong>Enemalta plc customer care,<\/strong><br \/>\n<strong>Central Administration Building,<\/strong><br \/>\n<strong>Church Wharf,<\/strong><br \/>\n<strong>Marsa<\/strong><br \/>\n<strong>MRS1571<\/strong><\/p>\n<p>Tista\u2019 <strong>tibg\u0127atilna l-ilmenti jew su\u0121\u0121erimenti bil-posta<\/strong>. Jekk tixtieq tibg\u0127atilna ittra, nirrakomandaw illi <strong>tinkludi wkoll in-numru tat-telefon u l-indirizz elettroniku tieg\u0127ek<\/strong> sabiex inkunu nistg\u0127u ng\u0127inuk bi twe\u0121iba iktar mg\u0127a\u0121\u0121la.&nbsp;A\u0127na n\u017commu l-impenn li nwe\u0121buk mill-iktar fis possibli, g\u0127al kull problema, <strong>fi \u017cmien sebat ijiem<\/strong>. Tir\u010bievi twe\u0121iba provi\u017corja jekk ikun hemm b\u017conn ta\u2019 iktar \u017cmien g\u0127all-assistenza mitluba.<\/p>\n<p><strong><span style=\"color: #a0cf4f;\">L-uffi\u010b\u010bju tag\u0127na<\/span><\/strong><\/p>\n<p>Inkella, tista\u2019 wkoll <strong>tiltaqa\u2019 mat-tim tag\u0127na li jipprovdi assistenza g\u0127all-klijenti<\/strong> billi \u017c\u017curna fuq l-indirizz imsemmi hawn fuq fil-\u0127inijiet indikati. Inwie\u0121bu l-mistoqsijiet tieg\u0127ek kif ukoll niggwidawk sabiex tikseb is-servizzi jew l-assistenza li te\u0127tie\u0121.<\/p>\n<table width=\"100%\">\n<tbody>\n<tr>\n<td><strong>\u0126inijiet tal-uffi\u010b\u010bju:<\/strong><\/td>\n<td>&nbsp;&nbsp;Mit-Tnejn sal-\u0120img\u0127a &nbsp; &nbsp;08:00 \u2013 12:00 &nbsp; &nbsp;13.00-15.00<\/td>\n<\/tr>\n<tr>\n<td>&nbsp;<\/td>\n<td>&nbsp;&nbsp;Mit-Tnejn sal-\u0120img\u0127a &nbsp; &nbsp;08:00 \u2013 12:00 &nbsp; <em>(fis-sajf)<\/em><\/td>\n<\/tr>\n<\/tbody>\n<\/table>\n<p>&nbsp;<\/p>\n<p>&nbsp;<\/p>\n<\/div><div class=\"fusion-sep-clear\"><\/div><div class=\"fusion-separator fusion-full-width-sep\" style=\"margin-left: auto;margin-right: auto;margin-top:32px;width:100%;\"><\/div><div class=\"fusion-sep-clear\"><\/div>\t\t\t\t\t<script type=\"text\/javascript\">\n\t\t\t\t\t\tvar map_fusion_map_69d5b0c2eab21;\n\t\t\t\t\t\tvar markers = [];\n\t\t\t\t\t\tvar counter = 0;\n\t\t\t\t\t\t\t\t\t\t\t\t\t\t\t\t\t\t\t\tvar fusionMapNonce = '39dd240220';\n\t\t\t\t\t\t\t\t\t\t\t\tfunction fusion_run_map_fusion_map_69d5b0c2eab21() {\n\t\t\t\t\t\t\tjQuery ('#fusion_map_69d5b0c2eab21' ).fusion_maps( {\n\t\t\t\t\t\t\t\taddresses: [{\"address\":\"Enemalta Customer Care\",\"infobox_content\":\"Enemalta Customer Care\",\"coordinates\":false,\"cache\":true,\"latitude\":\"35.8808343\",\"longitude\":\"14.496845200000053\"}],\n\t\t\t\t\t\t\t\tanimations: false,\n\t\t\t\t\t\t\t\tinfobox_background_color: '',\n\t\t\t\t\t\t\t\tinfobox_styling: 'default',\n\t\t\t\t\t\t\t\tinfobox_text_color: '',\n\t\t\t\t\t\t\t\tmap_style: 'default',\n\t\t\t\t\t\t\t\tmap_type: 'satellite',\n\t\t\t\t\t\t\t\tmarker_icon: '',\n\t\t\t\t\t\t\t\toverlay_color: '',\n\t\t\t\t\t\t\t\toverlay_color_hsl: {\"hue\":0,\"sat\":0,\"lum\":100},\n\t\t\t\t\t\t\t\tshow_address: true,\n\t\t\t\t\t\t\t\tscale_control: true,\n\t\t\t\t\t\t\t\tscrollwheel: true,\n\t\t\t\t\t\t\t\tzoom: 11,\n\t\t\t\t\t\t\t\tzoom_control: true,\n\t\t\t\t\t\t\t} );\n\t\t\t\t\t\t}\n\n\t\t\t\t\t\tgoogle.maps.event.addDomListener(window, 'load', fusion_run_map_fusion_map_69d5b0c2eab21);\n\t\t\t\t\t<\/script>\n\t\t\t\t\t<div class=\"shortcode-map fusion-google-map fusion-maps-js-type\" id=\"fusion_map_69d5b0c2eab21\"><\/div><div class=\"fusion-menu-anchor\" id=\"contact-form\"><\/div><div class=\"fusion-sep-clear\"><\/div><div class=\"fusion-separator fusion-full-width-sep\" style=\"margin-left: auto;margin-right: auto;margin-top:20px;width:100%;\"><\/div><div class=\"fusion-sep-clear\"><\/div><div class=\"fusion-text fusion-text-3\"><p><span style=\"color: #a0ce4e;\"><strong>Il-midja so\u010bjali&nbsp;&nbsp;<br \/>\n<\/strong><\/span><a href=\"https:\/\/www.facebook.com\/eneplc\/\"><strong>Ag\u0127fas hawn sabiex i\u017c\u017cur il-pa\u0121na tag\u0127na ta\u2019 Facebook<\/strong><\/a>, fejn tista\u2019 wkoll tikkuntattjana permezz ta\u2019 messa\u0121\u0121 privat.<\/p>\n<p><span style=\"color: #a0ce4e;\"><strong>Biex tirrapporta xi irregolaritajiet&nbsp;&nbsp;<br \/>\n<\/strong><\/span>&lt;a<br \/>\nTista\u2019 tutilizza l-formula li hemm fis-sit elettroniku tag\u0127na biex b\u2019 mod anonimu tirrapporta irregolaritajiet b\u0127al serq tal-elettriku.<\/p>\n<p><span style=\"color: #a0ce4e;\"><strong>Formula sabiex tikkuntattjana&nbsp;&nbsp;<br \/>\n<\/strong><\/span>&lt;a<br \/>\nUtilizza din il-formula sabiex tibg\u0127atilna mistoqsijiet dwar is-servizzi tag\u0127na u kif ukoll dwar dan is-sit elettroniku.<\/p>\n<p><a href=\"\/?page_id=12023\"><strong>Ag\u0127fas hawn<\/strong><\/a>&nbsp;sabiex tirrapporta qtug\u0127 fil-provvista tal-elettriku jew&nbsp;<a href=\"\/?page_id=14295\"><strong>hawn<\/strong>&nbsp;<\/a>biex tirrapporta diffikultajiet tekni\u010bi o\u0127ra.<\/p>\n<p>Tista\u2019 wkoll tutilizza din il-formula sabiex b\u2019mod anonimu tirrapporta serq tal-elettriku jew kull tip ta\u2019 irregolaritajiet o\u0127ra marbutin mas-servizzi tag\u0127na.<\/p>\n<\/div><div class=\"fusion-clearfix\"><\/div><\/div><\/div><\/div><\/div>\n","protected":false},"excerpt":{"rendered":"","protected":false},"author":3,"featured_media":15935,"parent":0,"menu_order":0,"comment_status":"closed","ping_status":"closed","template":"100-width.php","meta":{"_monsterinsights_skip_tracking":false,"_monsterinsights_sitenote_active":false,"_monsterinsights_sitenote_note":"","_monsterinsights_sitenote_category":0,"ngg_post_thumbnail":0,"footnotes":""},"class_list":["post-16398","page","type-page","status-publish","has-post-thumbnail","hentry"],"yoast_head":"<!-- This site is optimized with the Yoast SEO plugin v26.7 - https:\/\/yoast.com\/wordpress\/plugins\/seo\/ -->\n<title>Ikkuntattja lit-tim tag\u0127na li jipprovdi assistenza g\u0127all-klijenti - Enemalta<\/title>\n<meta name=\"robots\" content=\"index, follow, max-snippet:-1, max-image-preview:large, max-video-preview:-1\" \/>\n<link rel=\"canonical\" href=\"https:\/\/www.enemalta.com.mt\/mt\/ikkuntattja-lit-tim-taghna-li-jipprovdi-assistenza-ghall-klijenti\/\" \/>\n<meta property=\"og:locale\" content=\"mt_MT\" \/>\n<meta property=\"og:type\" content=\"article\" \/>\n<meta property=\"og:title\" content=\"Ikkuntattja lit-tim tag\u0127na li jipprovdi assistenza g\u0127all-klijenti - Enemalta\" \/>\n<meta property=\"og:url\" content=\"https:\/\/www.enemalta.com.mt\/mt\/ikkuntattja-lit-tim-taghna-li-jipprovdi-assistenza-ghall-klijenti\/\" \/>\n<meta property=\"og:site_name\" content=\"Enemalta\" \/>\n<meta property=\"article:modified_time\" content=\"2022-03-01T09:24:21+00:00\" \/>\n<meta property=\"og:image\" content=\"https:\/\/enemalta.com.mt\/wp-content\/uploads\/2017\/08\/Customercare.jpg\" \/>\n\t<meta property=\"og:image:width\" content=\"1600\" \/>\n\t<meta property=\"og:image:height\" content=\"500\" \/>\n\t<meta property=\"og:image:type\" content=\"image\/jpeg\" \/>\n<meta name=\"twitter:card\" content=\"summary_large_image\" \/>\n<meta name=\"twitter:label1\" content=\"Est. reading time\" \/>\n\t<meta name=\"twitter:data1\" content=\"5 minutes\" \/>\n<script type=\"application\/ld+json\" class=\"yoast-schema-graph\">{\"@context\":\"https:\/\/schema.org\",\"@graph\":[{\"@type\":\"WebPage\",\"@id\":\"https:\/\/www.enemalta.com.mt\/mt\/ikkuntattja-lit-tim-taghna-li-jipprovdi-assistenza-ghall-klijenti\/\",\"url\":\"https:\/\/www.enemalta.com.mt\/mt\/ikkuntattja-lit-tim-taghna-li-jipprovdi-assistenza-ghall-klijenti\/\",\"name\":\"Ikkuntattja lit-tim tag\u0127na li jipprovdi assistenza g\u0127all-klijenti - Enemalta\",\"isPartOf\":{\"@id\":\"https:\/\/www.enemalta.com.mt\/#website\"},\"primaryImageOfPage\":{\"@id\":\"https:\/\/www.enemalta.com.mt\/mt\/ikkuntattja-lit-tim-taghna-li-jipprovdi-assistenza-ghall-klijenti\/#primaryimage\"},\"image\":{\"@id\":\"https:\/\/www.enemalta.com.mt\/mt\/ikkuntattja-lit-tim-taghna-li-jipprovdi-assistenza-ghall-klijenti\/#primaryimage\"},\"thumbnailUrl\":\"\/wp-content\/uploads\/2017\/08\/Customercare.jpg\",\"datePublished\":\"2018-10-17T11:29:44+00:00\",\"dateModified\":\"2022-03-01T09:24:21+00:00\",\"breadcrumb\":{\"@id\":\"https:\/\/www.enemalta.com.mt\/mt\/ikkuntattja-lit-tim-taghna-li-jipprovdi-assistenza-ghall-klijenti\/#breadcrumb\"},\"inLanguage\":\"mt-MT\",\"potentialAction\":[{\"@type\":\"ReadAction\",\"target\":[\"https:\/\/www.enemalta.com.mt\/mt\/ikkuntattja-lit-tim-taghna-li-jipprovdi-assistenza-ghall-klijenti\/\"]}]},{\"@type\":\"ImageObject\",\"inLanguage\":\"mt-MT\",\"@id\":\"https:\/\/www.enemalta.com.mt\/mt\/ikkuntattja-lit-tim-taghna-li-jipprovdi-assistenza-ghall-klijenti\/#primaryimage\",\"url\":\"\/wp-content\/uploads\/2017\/08\/Customercare.jpg\",\"contentUrl\":\"\/wp-content\/uploads\/2017\/08\/Customercare.jpg\",\"width\":1600,\"height\":500},{\"@type\":\"BreadcrumbList\",\"@id\":\"https:\/\/www.enemalta.com.mt\/mt\/ikkuntattja-lit-tim-taghna-li-jipprovdi-assistenza-ghall-klijenti\/#breadcrumb\",\"itemListElement\":[{\"@type\":\"ListItem\",\"position\":1,\"name\":\"Home\",\"item\":\"https:\/\/www.enemalta.com.mt\/mt\/\"},{\"@type\":\"ListItem\",\"position\":2,\"name\":\"Ikkuntattja lit-tim tag\u0127na li jipprovdi assistenza g\u0127all-klijenti\"}]},{\"@type\":\"WebSite\",\"@id\":\"https:\/\/www.enemalta.com.mt\/#website\",\"url\":\"https:\/\/www.enemalta.com.mt\/\",\"name\":\"Enemalta\",\"description\":\"\",\"potentialAction\":[{\"@type\":\"SearchAction\",\"target\":{\"@type\":\"EntryPoint\",\"urlTemplate\":\"https:\/\/www.enemalta.com.mt\/?s={search_term_string}\"},\"query-input\":{\"@type\":\"PropertyValueSpecification\",\"valueRequired\":true,\"valueName\":\"search_term_string\"}}],\"inLanguage\":\"mt-MT\"}]}<\/script>\n<!-- \/ Yoast SEO plugin. -->","yoast_head_json":{"title":"Ikkuntattja lit-tim tag\u0127na li jipprovdi assistenza g\u0127all-klijenti - Enemalta","robots":{"index":"index","follow":"follow","max-snippet":"max-snippet:-1","max-image-preview":"max-image-preview:large","max-video-preview":"max-video-preview:-1"},"canonical":"https:\/\/www.enemalta.com.mt\/mt\/ikkuntattja-lit-tim-taghna-li-jipprovdi-assistenza-ghall-klijenti\/","og_locale":"mt_MT","og_type":"article","og_title":"Ikkuntattja lit-tim tag\u0127na li jipprovdi assistenza g\u0127all-klijenti - Enemalta","og_url":"https:\/\/www.enemalta.com.mt\/mt\/ikkuntattja-lit-tim-taghna-li-jipprovdi-assistenza-ghall-klijenti\/","og_site_name":"Enemalta","article_modified_time":"2022-03-01T09:24:21+00:00","og_image":[{"width":1600,"height":500,"url":"https:\/\/enemalta.com.mt\/wp-content\/uploads\/2017\/08\/Customercare.jpg","type":"image\/jpeg"}],"twitter_card":"summary_large_image","twitter_misc":{"Est. reading time":"5 minutes"},"schema":{"@context":"https:\/\/schema.org","@graph":[{"@type":"WebPage","@id":"https:\/\/www.enemalta.com.mt\/mt\/ikkuntattja-lit-tim-taghna-li-jipprovdi-assistenza-ghall-klijenti\/","url":"https:\/\/www.enemalta.com.mt\/mt\/ikkuntattja-lit-tim-taghna-li-jipprovdi-assistenza-ghall-klijenti\/","name":"Ikkuntattja lit-tim tag\u0127na li jipprovdi assistenza g\u0127all-klijenti - Enemalta","isPartOf":{"@id":"https:\/\/www.enemalta.com.mt\/#website"},"primaryImageOfPage":{"@id":"https:\/\/www.enemalta.com.mt\/mt\/ikkuntattja-lit-tim-taghna-li-jipprovdi-assistenza-ghall-klijenti\/#primaryimage"},"image":{"@id":"https:\/\/www.enemalta.com.mt\/mt\/ikkuntattja-lit-tim-taghna-li-jipprovdi-assistenza-ghall-klijenti\/#primaryimage"},"thumbnailUrl":"\/wp-content\/uploads\/2017\/08\/Customercare.jpg","datePublished":"2018-10-17T11:29:44+00:00","dateModified":"2022-03-01T09:24:21+00:00","breadcrumb":{"@id":"https:\/\/www.enemalta.com.mt\/mt\/ikkuntattja-lit-tim-taghna-li-jipprovdi-assistenza-ghall-klijenti\/#breadcrumb"},"inLanguage":"mt-MT","potentialAction":[{"@type":"ReadAction","target":["https:\/\/www.enemalta.com.mt\/mt\/ikkuntattja-lit-tim-taghna-li-jipprovdi-assistenza-ghall-klijenti\/"]}]},{"@type":"ImageObject","inLanguage":"mt-MT","@id":"https:\/\/www.enemalta.com.mt\/mt\/ikkuntattja-lit-tim-taghna-li-jipprovdi-assistenza-ghall-klijenti\/#primaryimage","url":"\/wp-content\/uploads\/2017\/08\/Customercare.jpg","contentUrl":"\/wp-content\/uploads\/2017\/08\/Customercare.jpg","width":1600,"height":500},{"@type":"BreadcrumbList","@id":"https:\/\/www.enemalta.com.mt\/mt\/ikkuntattja-lit-tim-taghna-li-jipprovdi-assistenza-ghall-klijenti\/#breadcrumb","itemListElement":[{"@type":"ListItem","position":1,"name":"Home","item":"https:\/\/www.enemalta.com.mt\/mt\/"},{"@type":"ListItem","position":2,"name":"Ikkuntattja lit-tim tag\u0127na li jipprovdi assistenza g\u0127all-klijenti"}]},{"@type":"WebSite","@id":"https:\/\/www.enemalta.com.mt\/#website","url":"https:\/\/www.enemalta.com.mt\/","name":"Enemalta","description":"","potentialAction":[{"@type":"SearchAction","target":{"@type":"EntryPoint","urlTemplate":"https:\/\/www.enemalta.com.mt\/?s={search_term_string}"},"query-input":{"@type":"PropertyValueSpecification","valueRequired":true,"valueName":"search_term_string"}}],"inLanguage":"mt-MT"}]}},"_links":{"self":[{"href":"https:\/\/enemalta.com.mt\/mt\/wp-json\/wp\/v2\/pages\/16398","targetHints":{"allow":["GET"]}}],"collection":[{"href":"https:\/\/enemalta.com.mt\/mt\/wp-json\/wp\/v2\/pages"}],"about":[{"href":"https:\/\/enemalta.com.mt\/mt\/wp-json\/wp\/v2\/types\/page"}],"author":[{"embeddable":true,"href":"https:\/\/enemalta.com.mt\/mt\/wp-json\/wp\/v2\/users\/3"}],"replies":[{"embeddable":true,"href":"https:\/\/enemalta.com.mt\/mt\/wp-json\/wp\/v2\/comments?post=16398"}],"version-history":[{"count":25,"href":"https:\/\/enemalta.com.mt\/mt\/wp-json\/wp\/v2\/pages\/16398\/revisions"}],"predecessor-version":[{"id":20375,"href":"https:\/\/enemalta.com.mt\/mt\/wp-json\/wp\/v2\/pages\/16398\/revisions\/20375"}],"wp:featuredmedia":[{"embeddable":true,"href":"https:\/\/enemalta.com.mt\/mt\/wp-json\/wp\/v2\/media\/15935"}],"wp:attachment":[{"href":"https:\/\/enemalta.com.mt\/mt\/wp-json\/wp\/v2\/media?parent=16398"}],"curies":[{"name":"wp","href":"https:\/\/api.w.org\/{rel}","templated":true}]}}