{"id":17106,"date":"2018-11-27T08:28:18","date_gmt":"2018-11-27T07:28:18","guid":{"rendered":"https:\/\/www.enemalta.com.mt\/formula-ta-applikazzjoni-ghal-servizz\/"},"modified":"2019-09-02T10:10:43","modified_gmt":"2019-09-02T08:10:43","slug":"formula-ta-applikazzjoni-ghal-servizz","status":"publish","type":"page","link":"https:\/\/enemalta.com.mt\/mt\/formula-ta-applikazzjoni-ghal-servizz\/","title":{"rendered":"Formula ta&#8217; Applikazzjoni g\u0127al Servizz"},"content":{"rendered":"<div class=\"fusion-fullwidth fullwidth-box fusion-builder-row-1 nonhundred-percent-fullwidth non-hundred-percent-height-scrolling\" style=\"--awb-border-radius-top-left:0px;--awb-border-radius-top-right:0px;--awb-border-radius-bottom-right:0px;--awb-border-radius-bottom-left:0px;--awb-flex-wrap:wrap;\" ><div class=\"fusion-builder-row fusion-row\"><div class=\"fusion-layout-column fusion_builder_column fusion-builder-column-0 fusion_builder_column_1_1 1_1 fusion-one-full fusion-column-first fusion-column-last\" style=\"--awb-bg-size:cover;--awb-margin-bottom:0px;\"><div class=\"fusion-column-wrapper fusion-flex-column-wrapper-legacy\"><div class=\"fusion-text fusion-text-1\"><h4 style=\"text-align: center; font-size: 33px; line-height: 50px;\">Formula ta&#8217; Applikazzjoni g\u0127al Servizz<\/h4>\n<\/div><div class=\"fusion-text fusion-text-2\"><p>Din hija lista ta\u2019 formoli tal-ARMS li huma me\u0127tie\u0121a biex tapplika g\u0127as-servizzi tag\u0127na. Kull formola tal-applikazzjoni tinkludi dettalji dwar ir-regolamenti u t-termini u l-kundizzjonijiet relevanti kif ukoll lista ta\u2019 dokumenti addizzjonali li tkun trid tissottometti meta titlob is-servizz li jinteressak.<\/p>\n<p>Tista\u2019 tissottometti l-formoli tal-applikazzjoni tieg\u0127ek lill-ARMS li tippro\u010bessa t-talba tieg\u0127ek u tibg\u0127atha lill-in\u0121iniera u t-tekni\u010bi tag\u0127na sabiex inkunu nistg\u0127u nipprovdulek is-servizz me\u0127tie\u0121 kemm jista\u2019 jkun malajr.<\/p>\n<\/div><div class=\"fusion-aligncenter\"><a class=\"fusion-button button-flat fusion-button-default-size button-default fusion-button-default button-1 fusion-button-default-span fusion-button-default-type\" target=\"_blank\" rel=\"noopener noreferrer\" href=\"https:\/\/servizz.gov.mt\/en\/Pages\/Environment_-Energy_-Agriculture-and-Fisheries\/Energy\/Energy-and-Water-Services\/WEB306\/default.aspx\"><span class=\"fusion-button-text awb-button__text awb-button__text--default\">FORMOLA TAL-APPLIKAZZJONI AE \u2013 TALBA G\u0126AL SERVIZZ \u0120DID TAL-ELETTRIKU<\/span><\/a><\/div><div class=\"fusion-sep-clear\"><\/div><div class=\"fusion-separator fusion-full-width-sep\" style=\"margin-left: auto;margin-right: auto;margin-top:32px;width:100%;\"><\/div><div class=\"fusion-sep-clear\"><\/div><div class=\"fusion-aligncenter\"><a class=\"fusion-button button-flat fusion-button-default-size button-default fusion-button-default button-2 fusion-button-default-span fusion-button-default-type\" target=\"_blank\" rel=\"noopener noreferrer\" href=\"https:\/\/servizz.gov.mt\/en\/Pages\/Environment_-Energy_-Agriculture-and-Fisheries\/Energy\/Energy-and-Water-Services\/WEB301\/default.aspx\"><span class=\"fusion-button-text awb-button__text awb-button__text--default\">FORMOLA TAL-APPLIKAZZJONI BE \u2013 TIBDIL FIS-SERVIZZ TAL-ELETTRIKU<\/span><\/a><\/div><div class=\"fusion-sep-clear\"><\/div><div class=\"fusion-separator fusion-full-width-sep\" style=\"margin-left: auto;margin-right: auto;margin-top:32px;width:100%;\"><\/div><div class=\"fusion-sep-clear\"><\/div><div class=\"fusion-aligncenter\"><a class=\"fusion-button button-flat fusion-button-default-size button-default fusion-button-default button-3 fusion-button-default-span fusion-button-default-type\" target=\"_blank\" rel=\"noopener noreferrer\" href=\"https:\/\/servizz.gov.mt\/en\/Pages\/Environment_-Energy_-Agriculture-and-Fisheries\/Energy\/Energy-and-Water-Services\/WEB302\/default.aspx\"><span class=\"fusion-button-text awb-button__text awb-button__text--default\">FORMOLA TAL-APPLIKAZZJONI CE \u2013 TNE\u0126\u0126IJA TAS-SERVIZZ TAL-ELETTRIKU<\/span><\/a><\/div><div class=\"fusion-sep-clear\"><\/div><div class=\"fusion-separator fusion-full-width-sep\" style=\"margin-left: auto;margin-right: auto;margin-top:32px;width:100%;\"><\/div><div class=\"fusion-sep-clear\"><\/div><div class=\"fusion-aligncenter\"><a class=\"fusion-button button-flat fusion-button-default-size button-default fusion-button-default button-4 fusion-button-default-span fusion-button-default-type\" target=\"_blank\" rel=\"noopener noreferrer\" href=\"https:\/\/servizz.gov.mt\/en\/Pages\/Environment_-Energy_-Agriculture-and-Fisheries\/Energy\/Energy-and-Water-Services\/WEB294\/default.aspx\"><span class=\"fusion-button-text awb-button__text awb-button__text--default\">FORMOLA TAL-APPLIKAZZJONI CHP \u2013 IKKONNETTJAR TA\u2019 COMBINED HEAT AND POWER PLANT MAL-GRID<\/span><\/a><\/div><div class=\"fusion-sep-clear\"><\/div><div class=\"fusion-separator fusion-full-width-sep\" style=\"margin-left: auto;margin-right: auto;margin-top:32px;width:100%;\"><\/div><div class=\"fusion-sep-clear\"><\/div><div class=\"fusion-aligncenter\"><a class=\"fusion-button button-flat fusion-button-default-size button-default fusion-button-default button-5 fusion-button-default-span fusion-button-default-type\" target=\"_blank\" rel=\"noopener noreferrer\" href=\"https:\/\/servizz.gov.mt\/en\/Pages\/Environment_-Energy_-Agriculture-and-Fisheries\/Energy\/Energy-and-Water-Services\/WEB292\/default.aspx\"><span class=\"fusion-button-text awb-button__text awb-button__text--default\">FORMOLA TAL-APPLIKAZZJONI CM \u2013 TALBA G\u0126AD-DANNI<\/span><\/a><\/div><div class=\"fusion-sep-clear\"><\/div><div class=\"fusion-separator fusion-full-width-sep\" style=\"margin-left: auto;margin-right: auto;margin-top:32px;width:100%;\"><\/div><div class=\"fusion-sep-clear\"><\/div><div class=\"fusion-aligncenter\"><a class=\"fusion-button button-flat fusion-button-default-size button-default fusion-button-default button-6 fusion-button-default-span fusion-button-default-type\" target=\"_blank\" rel=\"noopener noreferrer\" href=\"https:\/\/servizz.gov.mt\/en\/Pages\/Environment_-Energy_-Agriculture-and-Fisheries\/Energy\/Energy-and-Water-Services\/WEB305\/default.aspx\"><span class=\"fusion-button-text awb-button__text awb-button__text--default\">FORMOLA TAL-APPLIKAZZJONI DE \u2013 GAITERS, TIFI JEW DEVJAZZJONI TA\u2019 WIRES TAL-ELETTRIKU FIT-TOROQ<\/span><\/a><\/div><div class=\"fusion-sep-clear\"><\/div><div class=\"fusion-separator fusion-full-width-sep\" style=\"margin-left: auto;margin-right: auto;margin-top:32px;width:100%;\"><\/div><div class=\"fusion-sep-clear\"><\/div><div class=\"fusion-aligncenter\"><a class=\"fusion-button button-flat fusion-button-default-size button-default fusion-button-default button-7 fusion-button-default-span fusion-button-default-type\" target=\"_blank\" rel=\"noopener noreferrer\" href=\"https:\/\/servizz.gov.mt\/en\/Pages\/Environment_-Energy_-Agriculture-and-Fisheries\/Energy\/Energy-and-Water-Services\/WEB300\/default.aspx\"><span class=\"fusion-button-text awb-button__text awb-button__text--default\">FORMOLA TAL-APPLIKAZZJONI EE \u2013 KORREZZJONI TAL-FATTUR TA\u2019 POTENZA<\/span><\/a><\/div><div class=\"fusion-sep-clear\"><\/div><div class=\"fusion-separator fusion-full-width-sep\" style=\"margin-left: auto;margin-right: auto;margin-top:32px;width:100%;\"><\/div><div class=\"fusion-sep-clear\"><\/div><div class=\"fusion-aligncenter\"><a class=\"fusion-button button-flat fusion-button-default-size button-default fusion-button-default button-8 fusion-button-default-span fusion-button-default-type\" target=\"_blank\" rel=\"noopener noreferrer\" href=\"https:\/\/servizz.gov.mt\/en\/Pages\/Environment_-Energy_-Agriculture-and-Fisheries\/Energy\/Energy-and-Water-Services\/WEB289\/default.aspx\"><span class=\"fusion-button-text awb-button__text awb-button__text--default\">FORMOLA TAL-APPLIKAZZJONI F \u2013 RE\u0120ISTRAZZJONI TA\u2019 BIDLA TAL-KONSUMATUR<\/span><\/a><\/div><div class=\"fusion-sep-clear\"><\/div><div class=\"fusion-separator fusion-full-width-sep\" style=\"margin-left: auto;margin-right: auto;margin-top:32px;width:100%;\"><\/div><div class=\"fusion-sep-clear\"><\/div><div class=\"fusion-aligncenter\"><a class=\"fusion-button button-flat fusion-button-default-size button-default fusion-button-default button-9 fusion-button-default-span fusion-button-default-type\" target=\"_blank\" rel=\"noopener noreferrer\" href=\"https:\/\/servizz.gov.mt\/en\/Pages\/Environment_-Energy_-Agriculture-and-Fisheries\/Energy\/Energy-and-Water-Services\/WEB303\/default.aspx\"><span class=\"fusion-button-text awb-button__text awb-button__text--default\">FORMOLA TAL-APPLIKAZZJONI HE \u2013 TALBA G\u0126AL ITTESTJAR JEW BIDLA TAL-METER<\/span><\/a><\/div><div class=\"fusion-sep-clear\"><\/div><div class=\"fusion-separator fusion-full-width-sep\" style=\"margin-left: auto;margin-right: auto;margin-top:32px;width:100%;\"><\/div><div class=\"fusion-sep-clear\"><\/div><div class=\"fusion-aligncenter\"><a class=\"fusion-button button-flat fusion-button-default-size button-default fusion-button-default button-10 fusion-button-default-span fusion-button-default-type\" target=\"_blank\" rel=\"noopener noreferrer\" href=\"https:\/\/servizz.gov.mt\/en\/Pages\/Environment_-Energy_-Agriculture-and-Fisheries\/Energy\/Energy-and-Water-Services\/WEB329\/default.aspx\"><span class=\"fusion-button-text awb-button__text awb-button__text--default\">FORMOLA TAL-APPLIKAZZJONI M \u2013 BORD TA\u2019 KONSULTAZZJONI<\/span><\/a><\/div><div class=\"fusion-sep-clear\"><\/div><div class=\"fusion-separator fusion-full-width-sep\" style=\"margin-left: auto;margin-right: auto;margin-top:32px;width:100%;\"><\/div><div class=\"fusion-sep-clear\"><\/div><div class=\"fusion-aligncenter\"><a class=\"fusion-button button-flat fusion-button-default-size button-default fusion-button-default button-11 fusion-button-default-span fusion-button-default-type\" target=\"_blank\" rel=\"noopener noreferrer\" href=\"https:\/\/servizz.gov.mt\/en\/Pages\/Environment_-Energy_-Agriculture-and-Fisheries\/Energy\/Energy-and-Water-Services\/WEB332\/default.aspx\"><span class=\"fusion-button-text awb-button__text awb-button__text--default\">FORMOLA TAL-APPLIKAZZJONI P \u2013 AWTORIZZAZZJONI G\u0126AL \u0126LAS DIRETT<\/span><\/a><\/div><div class=\"fusion-sep-clear\"><\/div><div class=\"fusion-separator fusion-full-width-sep\" style=\"margin-left: auto;margin-right: auto;margin-top:32px;width:100%;\"><\/div><div class=\"fusion-sep-clear\"><\/div><div class=\"fusion-aligncenter\"><a class=\"fusion-button button-flat fusion-button-default-size button-default fusion-button-default button-12 fusion-button-default-span fusion-button-default-type\" target=\"_blank\" rel=\"noopener noreferrer\" href=\"https:\/\/servizz.gov.mt\/en\/Pages\/Environment_-Energy_-Agriculture-and-Fisheries\/Energy\/Energy-and-Water-Services\/WEB295\/default.aspx\"><span class=\"fusion-button-text awb-button__text awb-button__text--default\">FORMOLA TAL-APPLIKAZZJONI PV \u2013 IKKONNETTJAR TA\u2019 PV<\/span><\/a><\/div><div class=\"fusion-sep-clear\"><\/div><div class=\"fusion-separator fusion-full-width-sep\" style=\"margin-left: auto;margin-right: auto;margin-top:32px;width:100%;\"><\/div><div class=\"fusion-sep-clear\"><\/div><div class=\"fusion-aligncenter\"><a class=\"fusion-button button-flat fusion-button-default-size button-default fusion-button-default button-13 fusion-button-default-span fusion-button-default-type\" target=\"_blank\" rel=\"noopener noreferrer\" href=\"https:\/\/servizz.gov.mt\/en\/Pages\/Environment_-Energy_-Agriculture-and-Fisheries\/Energy\/Energy-and-Water-Services\/WEB310\/default.aspx\"><span class=\"fusion-button-text awb-button__text awb-button__text--default\">FORMOLA TAL-APPLIKAZZJONI REC \u2013 RIKONNESSJONI TAS-SERVIZZ<\/span><\/a><\/div><div class=\"fusion-sep-clear\"><\/div><div class=\"fusion-separator fusion-full-width-sep\" style=\"margin-left: auto;margin-right: auto;margin-top:32px;width:100%;\"><\/div><div class=\"fusion-sep-clear\"><\/div><div class=\"fusion-aligncenter\"><a class=\"fusion-button button-flat fusion-button-default-size button-default fusion-button-default button-14 fusion-button-default-span fusion-button-default-type\" target=\"_blank\" rel=\"noopener noreferrer\" href=\"https:\/\/servizz.gov.mt\/en\/Pages\/Environment_-Energy_-Agriculture-and-Fisheries\/Energy\/Energy-and-Water-Services\/WEB322\/default.aspx\"><span class=\"fusion-button-text awb-button__text awb-button__text--default\">FORMOLA TAL-APPLIKAZZJONI TE \u2013 SERVIZZI TEMPORANJI TAL-ELETTRIKU<\/span><\/a><\/div><div class=\"fusion-sep-clear\"><\/div><div class=\"fusion-separator fusion-full-width-sep\" style=\"margin-left: auto;margin-right: auto;margin-top:32px;width:100%;\"><\/div><div class=\"fusion-sep-clear\"><\/div><div class=\"fusion-aligncenter\"><a class=\"fusion-button button-flat fusion-button-default-size button-default fusion-button-default button-15 fusion-button-default-span fusion-button-default-type\" target=\"_blank\" rel=\"noopener noreferrer\" href=\"https:\/\/servizz.gov.mt\/en\/Pages\/Environment_-Energy_-Agriculture-and-Fisheries\/Energy\/Energy-and-Water-Services\/WEB296\/default.aspx\"><span class=\"fusion-button-text awb-button__text awb-button__text--default\">FORMOLA TAL-APPLIKAZZJONI WE \u2013 IKKONNETTJAR TA\u2019 MIRCO WIND TURBINE MAL-GRID<\/span><\/a><\/div><div class=\"fusion-sep-clear\"><\/div><div class=\"fusion-separator fusion-full-width-sep\" style=\"margin-left: auto;margin-right: auto;margin-top:32px;width:100%;\"><\/div><div class=\"fusion-sep-clear\"><\/div><div class=\"fusion-clearfix\"><\/div><\/div><\/div><\/div><\/div>\n","protected":false},"excerpt":{"rendered":"","protected":false},"author":3,"featured_media":0,"parent":0,"menu_order":0,"comment_status":"open","ping_status":"open","template":"","meta":{"_monsterinsights_skip_tracking":false,"_monsterinsights_sitenote_active":false,"_monsterinsights_sitenote_note":"","_monsterinsights_sitenote_category":0,"ngg_post_thumbnail":0,"footnotes":""},"class_list":["post-17106","page","type-page","status-publish","hentry"],"yoast_head":"<!-- This site is optimized with the Yoast SEO plugin v26.7 - https:\/\/yoast.com\/wordpress\/plugins\/seo\/ -->\n<title>Formula ta&#039; Applikazzjoni g\u0127al Servizz - Enemalta<\/title>\n<meta name=\"robots\" content=\"index, follow, max-snippet:-1, max-image-preview:large, max-video-preview:-1\" \/>\n<link rel=\"canonical\" href=\"https:\/\/enemalta.com.mt\/mt\/formula-ta-applikazzjoni-ghal-servizz\/\" \/>\n<meta property=\"og:locale\" content=\"mt_MT\" \/>\n<meta property=\"og:type\" content=\"article\" \/>\n<meta property=\"og:title\" content=\"Formula ta&#039; Applikazzjoni g\u0127al Servizz - Enemalta\" \/>\n<meta property=\"og:url\" content=\"https:\/\/enemalta.com.mt\/mt\/formula-ta-applikazzjoni-ghal-servizz\/\" \/>\n<meta property=\"og:site_name\" content=\"Enemalta\" \/>\n<meta property=\"article:modified_time\" content=\"2019-09-02T08:10:43+00:00\" \/>\n<meta name=\"twitter:card\" content=\"summary_large_image\" \/>\n<meta name=\"twitter:label1\" content=\"Est. reading time\" \/>\n\t<meta name=\"twitter:data1\" content=\"9 minutes\" \/>\n<script type=\"application\/ld+json\" class=\"yoast-schema-graph\">{\"@context\":\"https:\/\/schema.org\",\"@graph\":[{\"@type\":\"WebPage\",\"@id\":\"https:\/\/enemalta.com.mt\/mt\/formula-ta-applikazzjoni-ghal-servizz\/\",\"url\":\"https:\/\/enemalta.com.mt\/mt\/formula-ta-applikazzjoni-ghal-servizz\/\",\"name\":\"Formula ta' Applikazzjoni g\u0127al Servizz - Enemalta\",\"isPartOf\":{\"@id\":\"https:\/\/www.enemalta.com.mt\/#website\"},\"datePublished\":\"2018-11-27T07:28:18+00:00\",\"dateModified\":\"2019-09-02T08:10:43+00:00\",\"breadcrumb\":{\"@id\":\"https:\/\/enemalta.com.mt\/mt\/formula-ta-applikazzjoni-ghal-servizz\/#breadcrumb\"},\"inLanguage\":\"mt-MT\",\"potentialAction\":[{\"@type\":\"ReadAction\",\"target\":[\"https:\/\/enemalta.com.mt\/mt\/formula-ta-applikazzjoni-ghal-servizz\/\"]}]},{\"@type\":\"BreadcrumbList\",\"@id\":\"https:\/\/enemalta.com.mt\/mt\/formula-ta-applikazzjoni-ghal-servizz\/#breadcrumb\",\"itemListElement\":[{\"@type\":\"ListItem\",\"position\":1,\"name\":\"Home\",\"item\":\"https:\/\/www.enemalta.com.mt\/mt\/\"},{\"@type\":\"ListItem\",\"position\":2,\"name\":\"Formula ta&#8217; Applikazzjoni g\u0127al Servizz\"}]},{\"@type\":\"WebSite\",\"@id\":\"https:\/\/www.enemalta.com.mt\/#website\",\"url\":\"https:\/\/www.enemalta.com.mt\/\",\"name\":\"Enemalta\",\"description\":\"\",\"potentialAction\":[{\"@type\":\"SearchAction\",\"target\":{\"@type\":\"EntryPoint\",\"urlTemplate\":\"https:\/\/www.enemalta.com.mt\/?s={search_term_string}\"},\"query-input\":{\"@type\":\"PropertyValueSpecification\",\"valueRequired\":true,\"valueName\":\"search_term_string\"}}],\"inLanguage\":\"mt-MT\"}]}<\/script>\n<!-- \/ Yoast SEO plugin. -->","yoast_head_json":{"title":"Formula ta' Applikazzjoni g\u0127al Servizz - Enemalta","robots":{"index":"index","follow":"follow","max-snippet":"max-snippet:-1","max-image-preview":"max-image-preview:large","max-video-preview":"max-video-preview:-1"},"canonical":"https:\/\/enemalta.com.mt\/mt\/formula-ta-applikazzjoni-ghal-servizz\/","og_locale":"mt_MT","og_type":"article","og_title":"Formula ta' Applikazzjoni g\u0127al Servizz - Enemalta","og_url":"https:\/\/enemalta.com.mt\/mt\/formula-ta-applikazzjoni-ghal-servizz\/","og_site_name":"Enemalta","article_modified_time":"2019-09-02T08:10:43+00:00","twitter_card":"summary_large_image","twitter_misc":{"Est. reading time":"9 minutes"},"schema":{"@context":"https:\/\/schema.org","@graph":[{"@type":"WebPage","@id":"https:\/\/enemalta.com.mt\/mt\/formula-ta-applikazzjoni-ghal-servizz\/","url":"https:\/\/enemalta.com.mt\/mt\/formula-ta-applikazzjoni-ghal-servizz\/","name":"Formula ta' Applikazzjoni g\u0127al Servizz - Enemalta","isPartOf":{"@id":"https:\/\/www.enemalta.com.mt\/#website"},"datePublished":"2018-11-27T07:28:18+00:00","dateModified":"2019-09-02T08:10:43+00:00","breadcrumb":{"@id":"https:\/\/enemalta.com.mt\/mt\/formula-ta-applikazzjoni-ghal-servizz\/#breadcrumb"},"inLanguage":"mt-MT","potentialAction":[{"@type":"ReadAction","target":["https:\/\/enemalta.com.mt\/mt\/formula-ta-applikazzjoni-ghal-servizz\/"]}]},{"@type":"BreadcrumbList","@id":"https:\/\/enemalta.com.mt\/mt\/formula-ta-applikazzjoni-ghal-servizz\/#breadcrumb","itemListElement":[{"@type":"ListItem","position":1,"name":"Home","item":"https:\/\/www.enemalta.com.mt\/mt\/"},{"@type":"ListItem","position":2,"name":"Formula ta&#8217; Applikazzjoni g\u0127al Servizz"}]},{"@type":"WebSite","@id":"https:\/\/www.enemalta.com.mt\/#website","url":"https:\/\/www.enemalta.com.mt\/","name":"Enemalta","description":"","potentialAction":[{"@type":"SearchAction","target":{"@type":"EntryPoint","urlTemplate":"https:\/\/www.enemalta.com.mt\/?s={search_term_string}"},"query-input":{"@type":"PropertyValueSpecification","valueRequired":true,"valueName":"search_term_string"}}],"inLanguage":"mt-MT"}]}},"_links":{"self":[{"href":"https:\/\/enemalta.com.mt\/mt\/wp-json\/wp\/v2\/pages\/17106","targetHints":{"allow":["GET"]}}],"collection":[{"href":"https:\/\/enemalta.com.mt\/mt\/wp-json\/wp\/v2\/pages"}],"about":[{"href":"https:\/\/enemalta.com.mt\/mt\/wp-json\/wp\/v2\/types\/page"}],"author":[{"embeddable":true,"href":"https:\/\/enemalta.com.mt\/mt\/wp-json\/wp\/v2\/users\/3"}],"replies":[{"embeddable":true,"href":"https:\/\/enemalta.com.mt\/mt\/wp-json\/wp\/v2\/comments?post=17106"}],"version-history":[{"count":8,"href":"https:\/\/enemalta.com.mt\/mt\/wp-json\/wp\/v2\/pages\/17106\/revisions"}],"predecessor-version":[{"id":17892,"href":"https:\/\/enemalta.com.mt\/mt\/wp-json\/wp\/v2\/pages\/17106\/revisions\/17892"}],"wp:attachment":[{"href":"https:\/\/enemalta.com.mt\/mt\/wp-json\/wp\/v2\/media?parent=17106"}],"curies":[{"name":"wp","href":"https:\/\/api.w.org\/{rel}","templated":true}]}}