{"id":17113,"date":"2018-11-27T09:15:27","date_gmt":"2018-11-27T08:15:27","guid":{"rendered":"https:\/\/www.enemalta.com.mt\/irrapporta-diffikultajiet-teknici\/"},"modified":"2025-07-29T07:00:24","modified_gmt":"2025-07-29T05:00:24","slug":"irrapporta-diffikultajiet-teknici","status":"publish","type":"page","link":"https:\/\/enemalta.com.mt\/mt\/irrapporta-diffikultajiet-teknici\/","title":{"rendered":"Irrapporta diffikultajiet tekni\u010bi"},"content":{"rendered":"<p><div class=\"fusion-fullwidth fullwidth-box fusion-builder-row-1 nonhundred-percent-fullwidth non-hundred-percent-height-scrolling\" style=\"--awb-border-radius-top-left:0px;--awb-border-radius-top-right:0px;--awb-border-radius-bottom-right:0px;--awb-border-radius-bottom-left:0px;--awb-padding-top:30px;--awb-flex-wrap:wrap;\" ><div class=\"fusion-builder-row fusion-row\"><div class=\"fusion-layout-column fusion_builder_column fusion-builder-column-0 fusion_builder_column_1_1 1_1 fusion-one-full fusion-column-first fusion-column-last\" style=\"--awb-padding-top:10px;--awb-padding-bottom:10px;--awb-bg-size:cover;--awb-margin-bottom:0px;\"><div class=\"fusion-column-wrapper fusion-flex-column-wrapper-legacy\"><div class=\"fusion-text fusion-text-1\"><p style=\"text-align: center; font-size: 33px; line-height: 50px;\">Irrapporta diffikultajiet tekni\u010bi<\/p>\n<\/div><div class=\"fusion-text fusion-text-2\" style=\"--awb-text-transform:none;\"><p>Dawn huma xi g\u0127odod biex jg\u0127inuk tirrapporta qtug\u0127 tal-provvista jew diffikultajiet tekni\u010bi o\u0127ra.<\/p>\n<p><strong>Jekk tixtieq tirrapporta sitwazzjonijiet perikolu\u017ci, b\u0127al apparat tal-elettriku li jixxokkja, jekk jog\u0127\u0121bok \u010bempel lit-<a href=\"https:\/\/www.enemalta.com.mt\/mt\/ikkuntattja-lit-tim-taghna-li-jipprovdi-assistenza-ghall-klijenti\/\">tim ta\u2019 g\u0127ajnuna lill-klijenti<\/a> tag\u0127na 24\/7 fuq 8000 2224 immedjatament, sabiex inkunu nistg\u0127u nibag\u0127tulek it-tekni\u010bi tag\u0127na biex jg\u0127inuk kemm jista\u2019 jkun malajr.&nbsp;&nbsp; <\/strong><\/p>\n<\/div><div class=\"fusion-clearfix\"><\/div><\/div><\/div><\/div><\/div><div class=\"fusion-fullwidth fullwidth-box fusion-builder-row-2 nonhundred-percent-fullwidth non-hundred-percent-height-scrolling\" style=\"--awb-border-sizes-top:0px;--awb-border-sizes-bottom:0px;--awb-border-sizes-left:0px;--awb-border-sizes-right:0px;--awb-border-radius-top-left:0px;--awb-border-radius-top-right:0px;--awb-border-radius-bottom-right:0px;--awb-border-radius-bottom-left:0px;--awb-padding-bottom:2.5%;--awb-background-color:rgba(244,246,248,0);--awb-flex-wrap:wrap;\" ><div class=\"fusion-builder-row fusion-row\"><div class=\"fusion-layout-column fusion_builder_column fusion-builder-column-1 fusion_builder_column_1_1 1_1 fusion-one-full fusion-column-first fusion-column-last fusion-column-no-min-height\" style=\"--awb-bg-size:cover;--awb-margin-bottom:0px;\"><div class=\"fusion-column-wrapper fusion-flex-column-wrapper-legacy\"><div class=\"fusion-content-boxes content-boxes columns row fusion-columns-3 fusion-columns-total-3 fusion-content-boxes-1 content-boxes-clean-vertical content-left content-boxes-icon-on-top fusion-delayed-animation\" style=\"--awb-margin-top:0px;--awb-margin-bottom:0px;--awb-hover-accent-color:#6d6d6d;--awb-circle-hover-accent-color:#6d6d6d;\" data-animation-delay=\"300\" data-animationOffset=\"top-into-view\"><div style=\"--awb-backgroundcolor:rgba(255,255,255,0);border-color:rgba(244,67,54,0);\" class=\"fusion-column content-box-column content-box-column content-box-column-1 col-lg-4 col-md-4 col-sm-4 fusion-content-box-hover content-box-column-first-in-row\"><div class=\"col content-box-wrapper content-wrapper link-area-link-icon link-type-text icon-hover-animation-pulsate fusion-animated\" data-animationType=\"fadeInDown\" data-animationDuration=\"0.7\" data-animationOffset=\"top-into-view\"><div class=\"heading heading-with-icon icon-left\"><a class=\"heading-link\" href=\"https:\/\/www.enemalta.com.mt\/mt\/irrapporta-diffikultajiet-teknici-2\/\" target=\"_self\"><div class=\"icon\" style=\"-webkit-animation-duration: 300ms;animation-duration: 300ms;\"><i style=\"border-color:#8bc34a;border-width:0px;background-color:#8bc34a;box-sizing:content-box;height:124px;width:124px;line-height:124px;border-radius:50%;font-size:62px;\" aria-hidden=\"true\" class=\"fontawesome-icon fa fa-user circle-yes\"><\/i><\/div><h2 class=\"content-box-heading\" style=\"--h2_typography-font-size:32px;line-height:37px;\">Irrapporta qtug\u0127 tal-provvista<\/h2><\/a><\/div><div class=\"fusion-clearfix\"><\/div><div class=\"content-container\">\n<p>Segwi din il-gwida biex tiddetermina n-natura tad-diffikult\u00e0 tieg\u0127ek u biex tirrappurtaha lit-tim ta\u2019 G\u0127ajnuna lill-Klijenti tag\u0127na.<\/p>\n<\/div><\/div><\/div><div style=\"--awb-backgroundcolor:rgba(255,255,255,0);border-color:rgba(244,67,54,0);\" class=\"fusion-column content-box-column content-box-column content-box-column-2 col-lg-4 col-md-4 col-sm-4 fusion-content-box-hover \"><div class=\"col content-box-wrapper content-wrapper link-area-link-icon link-type-text icon-hover-animation-pulsate fusion-animated\" data-animationType=\"fadeInDown\" data-animationDuration=\"0.7\" data-animationOffset=\"top-into-view\"><div class=\"heading heading-with-icon icon-left\"><a class=\"heading-link\" href=\"https:\/\/www.enemalta.com.mt\/mt\/irrapporta-diffikultajiet-ohra\/\" target=\"_self\"><div class=\"icon\" style=\"-webkit-animation-duration: 300ms;animation-duration: 300ms;\"><i style=\"border-color:#8bc34a;border-width:0px;background-color:#8bc34a;box-sizing:content-box;height:124px;width:124px;line-height:124px;border-radius:50%;font-size:62px;\" aria-hidden=\"true\" class=\"fontawesome-icon fa-exclamation fas circle-yes\"><\/i><\/div><h2 class=\"content-box-heading\" style=\"--h2_typography-font-size:32px;line-height:37px;\">Irrapporta diffikultajiet tekni\u010bi<\/h2><\/a><\/div><div class=\"fusion-clearfix\"><\/div><div class=\"content-container\">\n<p>Jekk tixtieq tirrapporta sitwazzjonijiet perikolu\u017ci, b\u0127al apparat tal-elettriku li jixxokkja, jekk jog\u0127\u0121bok \u010bempel lit-tim ta\u2019 g\u0127ajnuna lill-klijenti tag\u0127na 24\/7 fuq 8007 2224 immedjatament, sabiex inkunu nistg\u0127u nibag\u0127tulek it-tekni\u010bi tag\u0127na biex jg\u0127inuk kemm jista\u2019 jkun malajr.<\/p>\n<\/div><\/div><\/div><div style=\"--awb-backgroundcolor:rgba(255,255,255,0);border-color:rgba(244,67,54,0);\" class=\"fusion-column content-box-column content-box-column content-box-column-3 col-lg-4 col-md-4 col-sm-4 fusion-content-box-hover content-box-column-last content-box-column-last-in-row\"><div class=\"col content-box-wrapper content-wrapper link-area-link-icon link-type-text icon-hover-animation-pulsate fusion-animated\" data-animationType=\"fadeInDown\" data-animationDuration=\"0.7\" data-animationOffset=\"top-into-view\"><div class=\"heading heading-with-icon icon-left\"><a class=\"heading-link\" href=\"https:\/\/www.enemalta.com.mt\/mt\/ara-l-istatus-tar-rapport\/\" target=\"_self\"><div class=\"icon\" style=\"-webkit-animation-duration: 300ms;animation-duration: 300ms;\"><i style=\"border-color:#8bc34a;border-width:0px;background-color:#8bc34a;box-sizing:content-box;height:124px;width:124px;line-height:124px;border-radius:50%;font-size:62px;\" aria-hidden=\"true\" class=\"fontawesome-icon fa fa-info-circle circle-yes\"><\/i><\/div><h2 class=\"content-box-heading\" style=\"--h2_typography-font-size:32px;line-height:37px;\">Ara l-istatus tar-rapporti tieg\u0127ek<\/h2><\/a><\/div><div class=\"fusion-clearfix\"><\/div><div class=\"content-container\">\n<p>Ara l-istatus tar-rapporti pendenti tieg\u0127ek lit-tim ta\u2019 G\u0127ajnuna lill-Klijenti tag\u0127na.<\/p>\n<\/div><\/div><\/div><div class=\"fusion-clearfix\"><\/div><\/div><div class=\"fusion-clearfix\"><\/div><\/div><\/div><\/div><\/div><div class=\"fusion-fullwidth fullwidth-box fusion-builder-row-3 nonhundred-percent-fullwidth non-hundred-percent-height-scrolling\" style=\"--awb-border-sizes-top:0px;--awb-border-sizes-bottom:0px;--awb-border-sizes-left:0px;--awb-border-sizes-right:0px;--awb-border-color:#939393;--awb-border-radius-top-left:0px;--awb-border-radius-top-right:0px;--awb-border-radius-bottom-right:0px;--awb-border-radius-bottom-left:0px;--awb-padding-bottom:2.5%;--awb-background-color:rgba(224,224,224,0.99);--awb-flex-wrap:wrap;\" ><div class=\"fusion-builder-row fusion-row\"><div class=\"fusion-layout-column fusion_builder_column fusion-builder-column-2 fusion_builder_column_1_4 1_4 fusion-one-fourth fusion-column-first\" style=\"--awb-bg-size:cover;width:25%;width:calc(25% - ( ( 4% + 4% ) * 0.25 ) );margin-right: 4%;\"><div class=\"fusion-column-wrapper fusion-flex-column-wrapper-legacy\"><div class=\"fusion-clearfix\"><\/div><\/div><\/div><div class=\"fusion-layout-column fusion_builder_column fusion-builder-column-3 fusion_builder_column_1_2 1_2 fusion-one-half\" style=\"--awb-bg-size:cover;width:50%;width:calc(50% - ( ( 4% + 4% ) * 0.5 ) );margin-right: 4%;\"><div class=\"fusion-column-wrapper fusion-flex-column-wrapper-legacy\"><div class=\"fusion-text fusion-text-3\"><h4 style=\"text-align: center; font-size: 33px; line-height: 50px;\">Xog\u0127ol ippjanat ta\u2019 manutenzjoni u \u017cvilupp tan-netwerk u qtug\u0127 tal-provvista<\/h4>\n<\/div><div class=\"fusion-clearfix\"><\/div><\/div><\/div><div class=\"fusion-layout-column fusion_builder_column fusion-builder-column-4 fusion_builder_column_1_4 1_4 fusion-one-fourth fusion-column-last\" style=\"--awb-bg-size:cover;width:25%;width:calc(25% - ( ( 4% + 4% ) * 0.25 ) );\"><div class=\"fusion-column-wrapper fusion-flex-column-wrapper-legacy\"><div class=\"fusion-clearfix\"><\/div><\/div><\/div><div class=\"fusion-layout-column fusion_builder_column fusion-builder-column-5 fusion_builder_column_1_1 1_1 fusion-one-full fusion-column-first fusion-column-last fusion-column-no-min-height\" style=\"--awb-bg-size:cover;--awb-margin-bottom:0px;\"><div class=\"fusion-column-wrapper fusion-flex-column-wrapper-legacy\"><div class=\"fusion-text fusion-text-4\"><div class=\"outer-iframe\"><iframe src=\"https:\/\/enefaultsmap.enemalta.com.mt\" width=\"100%\" height=\"auto\"><\/iframe><\/div>\n<\/div><div class=\"fusion-text fusion-text-5\"><div class=\"gmail-legendtext\">&nbsp;<\/div>\n<div class=\"gmail-legendtext\"><span style=\"font-size: small;\"><img decoding=\"async\" class=\"alignnone size-full wp-image-14716\" src=\"https:\/\/www.enemalta.com.mt\/wp-content\/uploads\/2018\/02\/iconGreen.png\" alt=\"\" width=\"20\" height=\"32\">&nbsp;\u2022 Xog\u0127lijiet ippjanati li tlestew dan l-a\u0127\u0127ar <\/span><\/div>\n<div class=\"gmail-legendtext\"><span style=\"font-size: small;\"><img decoding=\"async\" class=\"alignnone size-full wp-image-14715\" src=\"https:\/\/www.enemalta.com.mt\/wp-content\/uploads\/2018\/02\/iconOrange.png\" alt=\"\" width=\"20\" height=\"32\">&nbsp;\u2022 Xog\u0127lijiet ippjanati li jmiss <\/span><\/div>\n<div class=\"gmail-legendtext\"><span style=\"font-size: small;\"><img decoding=\"async\" class=\"alignnone size-full wp-image-14717\" src=\"https:\/\/www.enemalta.com.mt\/wp-content\/uploads\/2018\/02\/iconRed.png\" alt=\"\" width=\"20\" height=\"32\">&nbsp;\u2022 Xog\u0127lijiet g\u0127addejjin (jistg\u0127u jaffettwaw is-servizzi fi\u017c-\u017cona) &nbsp;<\/span><\/div>\n<div class=\"gmail-legendtext\"><span style=\"font-size: small;\"><img decoding=\"async\" src=\"https:\/\/enefaultsmap.enemalta.com.mt\/images\/fault.png\">\u2022 Diffikult\u00e0 fin-netwerk (tista\u2019 taffettwa s-servizzi fi\u017c-\u017cona)<\/span><\/div>\n<div class=\"gmail-legenditem\">&nbsp;<\/div>\n<\/div><div class=\"fusion-text fusion-text-6\"><p>A\u0127na impenjati li nipprovdulek servizz tal-elettriku ming\u0127ajr qtug\u0127 fil-provvista. Madankollu, xi drabi jkun hemm b\u017conn li l-provvista tieg\u0127ek tintefa sabiex il-\u0127addiema tag\u0127na jkunu jistg\u0127u jag\u0127mlu xog\u0127ol ta\u2019 tiswija, manutenzjoni jew tis\u0127i\u0127 tan-network b\u2019mod sigur.<\/p>\n<p>Meta ni\u017cviluppaw is-sistemi ta\u2019 \u0121enerazzjoni u ta\u2019 distribuzzjoni tal-elettriku, a\u0127na nfittxu li niksbu l-flessibbilt\u00e0 ne\u010bessarja sabiex nassiguraw li, f\u2019ka\u017c ta\u2019 \u0127sara f\u2019xi parti tal-infrastruttura tag\u0127na, ikun hemm immedjatament disponibbli kapa\u010bit\u00e0 u konnessjonijiet tan-netwerk alternattivi sabiex nag\u0127tuk lura s-servizzi tieg\u0127ek. L-Enemalta tinvesti f\u2019titjib kontinwu tas-sistemi tag\u0127ha sabiex i\u017c\u017comm u ssa\u0127\u0127a\u0127 dan il-livell ta\u2019 flessibbilt\u00e0.<\/p>\n<p>Minkejja l-mi\u017curi ta\u2019 prevenzjoni kontinwi tag\u0127na, xi interruzzjonijiet mhux ippjanati ma jkollniex kontroll fuqhom u ma jistg\u0127ux ji\u0121u evitati. Enemalta hija marbuta li tipprovdi l-\u0127addiema u t-tag\u0127mir ne\u010bessarji f\u2019kull \u0127in, sabiex it-tiswijiet isiru mill-aktar fis possibbli, ming\u0127ajr ma ti\u0121i pperikolata s-sigurt\u00e0 tal-klijenti, tal-pubbliku u tal-impjegati tag\u0127na.<\/p>\n<\/div><div class=\"fusion-text fusion-text-7\"><p><strong><u>Dikjarazzjoni ta\u2019 \u010ba\u0127da ta\u2019 responsabbilt\u00e0<\/u><\/strong><\/p>\n<p>Limitazzjoni tar-responsabbilt\u00e0<\/p>\n<p>Filwaqt li nie\u0127du l-prekawzjonijiet kollha ra\u0121onevoli sabiex jinkludu informazzjoni pre\u010bi\u017ca u a\u0121\u0121ornata fin-notifiki tal-qtug\u0127 skedat fil-provvista permezz ta\u2019 dan is-sit elettroniku jew permezz tas-Servizz ta\u2019 Notifika b\u2019SMS\/Posta elettronika, wie\u0127ed m\u2019g\u0127andux jibba\u017ca fuq l-informazzjoni pprovduta b\u0127ala li hija bla \u017cbalji jew e\u017catta. A\u0127na ma nag\u0127mlu l-ebda rappre\u017centazzjoni jew garanzija dwar l-e\u017cattezza jew il-kompletezza ta\u2019 din l-informazzjoni, u ma na\u010b\u010bettaw ukoll l-ebda responsabbilt\u00e0 g\u0127al xi \u017cbalji jew ommissjonijiet. G\u0127aldaqstant, ma na\u010b\u010bettaw l-ebda imputabbilt\u00e0 jew responsabbilt\u00e0 g\u0127all-azzjonijiet jew l-ommissjonijiet ta\u2019 kwalunkwe utent ta\u2019 dan is-sit elettroniku jew tas-Servizz ta\u2019 Notifika b\u2019SMS\/Posta elettronika fir-rigward tal-kontenut fihom. L-informazzjoni kollha pprovduta permezz ta\u2019 dawn il-kanali hija pprovduta \u201ckif inhi\u201d ming\u0127ajr l-ebda tip ta\u2019 garanzija, espli\u010bita jew impli\u010bita, sal-massimu possibbli skont il-li\u0121i. Fl-ebda ka\u017c ma nkunu responsabbli lejn xi parti g\u0127al kwalunkwe dannu jew telf in\u010bidentali, indirett, in\u010bidentali jew konsegwenzjali li jirri\u017culta mill-a\u010b\u010bess g\u0127al jew l-u\u017cu ta\u2019 informazzjoni minn dan is-sit elettroniku jew is-Servizz ta\u2019 Notifika b\u2019SMS\/Post elettronika, inklu\u017c, ming\u0127ajr limitazzjoni, id-danni g\u0127at-telf tal-profitti, l-interruzzjoni tan-negozju, jew it-telf tal-informazzjoni.<\/p>\n<\/div><div class=\"fusion-clearfix\"><\/div><\/div><\/div><\/div><\/div><\/p>\n","protected":false},"excerpt":{"rendered":"","protected":false},"author":1,"featured_media":16158,"parent":0,"menu_order":0,"comment_status":"closed","ping_status":"closed","template":"100-width.php","meta":{"_monsterinsights_skip_tracking":false,"_monsterinsights_sitenote_active":false,"_monsterinsights_sitenote_note":"","_monsterinsights_sitenote_category":0,"ngg_post_thumbnail":0,"footnotes":""},"class_list":["post-17113","page","type-page","status-publish","has-post-thumbnail","hentry"],"yoast_head":"<!-- This site is optimized with the Yoast SEO plugin v26.7 - https:\/\/yoast.com\/wordpress\/plugins\/seo\/ -->\n<title>Irrapporta diffikultajiet tekni\u010bi - Enemalta<\/title>\n<meta name=\"robots\" content=\"index, follow, max-snippet:-1, max-image-preview:large, max-video-preview:-1\" \/>\n<link rel=\"canonical\" href=\"https:\/\/www.enemalta.com.mt\/report-power-cut\/\" \/>\n<meta property=\"og:locale\" content=\"mt_MT\" \/>\n<meta property=\"og:type\" content=\"article\" \/>\n<meta property=\"og:title\" content=\"Irrapporta diffikultajiet tekni\u010bi - Enemalta\" \/>\n<meta property=\"og:url\" content=\"https:\/\/www.enemalta.com.mt\/report-power-cut\/\" \/>\n<meta property=\"og:site_name\" content=\"Enemalta\" \/>\n<meta property=\"article:modified_time\" content=\"2025-07-29T05:00:24+00:00\" \/>\n<meta property=\"og:image\" content=\"https:\/\/enemalta.com.mt\/wp-content\/uploads\/2018\/01\/worker-1.jpg\" \/>\n\t<meta property=\"og:image:width\" content=\"3713\" \/>\n\t<meta property=\"og:image:height\" content=\"1175\" \/>\n\t<meta property=\"og:image:type\" content=\"image\/jpeg\" \/>\n<meta name=\"twitter:card\" content=\"summary_large_image\" \/>\n<meta name=\"twitter:label1\" content=\"Est. reading time\" \/>\n\t<meta name=\"twitter:data1\" content=\"5 minutes\" \/>\n<script type=\"application\/ld+json\" class=\"yoast-schema-graph\">{\"@context\":\"https:\/\/schema.org\",\"@graph\":[{\"@type\":\"WebPage\",\"@id\":\"https:\/\/www.enemalta.com.mt\/report-power-cut\/\",\"url\":\"https:\/\/www.enemalta.com.mt\/report-power-cut\/\",\"name\":\"Irrapporta diffikultajiet tekni\u010bi - Enemalta\",\"isPartOf\":{\"@id\":\"https:\/\/www.enemalta.com.mt\/#website\"},\"primaryImageOfPage\":{\"@id\":\"https:\/\/www.enemalta.com.mt\/report-power-cut\/#primaryimage\"},\"image\":{\"@id\":\"https:\/\/www.enemalta.com.mt\/report-power-cut\/#primaryimage\"},\"thumbnailUrl\":\"\/wp-content\/uploads\/2018\/01\/worker-1.jpg\",\"datePublished\":\"2018-11-27T08:15:27+00:00\",\"dateModified\":\"2025-07-29T05:00:24+00:00\",\"breadcrumb\":{\"@id\":\"https:\/\/www.enemalta.com.mt\/report-power-cut\/#breadcrumb\"},\"inLanguage\":\"mt-MT\",\"potentialAction\":[{\"@type\":\"ReadAction\",\"target\":[\"https:\/\/www.enemalta.com.mt\/report-power-cut\/\"]}]},{\"@type\":\"ImageObject\",\"inLanguage\":\"mt-MT\",\"@id\":\"https:\/\/www.enemalta.com.mt\/report-power-cut\/#primaryimage\",\"url\":\"\/wp-content\/uploads\/2018\/01\/worker-1.jpg\",\"contentUrl\":\"\/wp-content\/uploads\/2018\/01\/worker-1.jpg\",\"width\":3713,\"height\":1175},{\"@type\":\"BreadcrumbList\",\"@id\":\"https:\/\/www.enemalta.com.mt\/report-power-cut\/#breadcrumb\",\"itemListElement\":[{\"@type\":\"ListItem\",\"position\":1,\"name\":\"Home\",\"item\":\"https:\/\/www.enemalta.com.mt\/mt\/\"},{\"@type\":\"ListItem\",\"position\":2,\"name\":\"Irrapporta diffikultajiet tekni\u010bi\"}]},{\"@type\":\"WebSite\",\"@id\":\"https:\/\/www.enemalta.com.mt\/#website\",\"url\":\"https:\/\/www.enemalta.com.mt\/\",\"name\":\"Enemalta\",\"description\":\"\",\"potentialAction\":[{\"@type\":\"SearchAction\",\"target\":{\"@type\":\"EntryPoint\",\"urlTemplate\":\"https:\/\/www.enemalta.com.mt\/?s={search_term_string}\"},\"query-input\":{\"@type\":\"PropertyValueSpecification\",\"valueRequired\":true,\"valueName\":\"search_term_string\"}}],\"inLanguage\":\"mt-MT\"}]}<\/script>\n<!-- \/ Yoast SEO plugin. -->","yoast_head_json":{"title":"Irrapporta diffikultajiet tekni\u010bi - Enemalta","robots":{"index":"index","follow":"follow","max-snippet":"max-snippet:-1","max-image-preview":"max-image-preview:large","max-video-preview":"max-video-preview:-1"},"canonical":"https:\/\/www.enemalta.com.mt\/report-power-cut\/","og_locale":"mt_MT","og_type":"article","og_title":"Irrapporta diffikultajiet tekni\u010bi - Enemalta","og_url":"https:\/\/www.enemalta.com.mt\/report-power-cut\/","og_site_name":"Enemalta","article_modified_time":"2025-07-29T05:00:24+00:00","og_image":[{"width":3713,"height":1175,"url":"https:\/\/enemalta.com.mt\/wp-content\/uploads\/2018\/01\/worker-1.jpg","type":"image\/jpeg"}],"twitter_card":"summary_large_image","twitter_misc":{"Est. reading time":"5 minutes"},"schema":{"@context":"https:\/\/schema.org","@graph":[{"@type":"WebPage","@id":"https:\/\/www.enemalta.com.mt\/report-power-cut\/","url":"https:\/\/www.enemalta.com.mt\/report-power-cut\/","name":"Irrapporta diffikultajiet tekni\u010bi - Enemalta","isPartOf":{"@id":"https:\/\/www.enemalta.com.mt\/#website"},"primaryImageOfPage":{"@id":"https:\/\/www.enemalta.com.mt\/report-power-cut\/#primaryimage"},"image":{"@id":"https:\/\/www.enemalta.com.mt\/report-power-cut\/#primaryimage"},"thumbnailUrl":"\/wp-content\/uploads\/2018\/01\/worker-1.jpg","datePublished":"2018-11-27T08:15:27+00:00","dateModified":"2025-07-29T05:00:24+00:00","breadcrumb":{"@id":"https:\/\/www.enemalta.com.mt\/report-power-cut\/#breadcrumb"},"inLanguage":"mt-MT","potentialAction":[{"@type":"ReadAction","target":["https:\/\/www.enemalta.com.mt\/report-power-cut\/"]}]},{"@type":"ImageObject","inLanguage":"mt-MT","@id":"https:\/\/www.enemalta.com.mt\/report-power-cut\/#primaryimage","url":"\/wp-content\/uploads\/2018\/01\/worker-1.jpg","contentUrl":"\/wp-content\/uploads\/2018\/01\/worker-1.jpg","width":3713,"height":1175},{"@type":"BreadcrumbList","@id":"https:\/\/www.enemalta.com.mt\/report-power-cut\/#breadcrumb","itemListElement":[{"@type":"ListItem","position":1,"name":"Home","item":"https:\/\/www.enemalta.com.mt\/mt\/"},{"@type":"ListItem","position":2,"name":"Irrapporta diffikultajiet tekni\u010bi"}]},{"@type":"WebSite","@id":"https:\/\/www.enemalta.com.mt\/#website","url":"https:\/\/www.enemalta.com.mt\/","name":"Enemalta","description":"","potentialAction":[{"@type":"SearchAction","target":{"@type":"EntryPoint","urlTemplate":"https:\/\/www.enemalta.com.mt\/?s={search_term_string}"},"query-input":{"@type":"PropertyValueSpecification","valueRequired":true,"valueName":"search_term_string"}}],"inLanguage":"mt-MT"}]}},"_links":{"self":[{"href":"https:\/\/enemalta.com.mt\/mt\/wp-json\/wp\/v2\/pages\/17113","targetHints":{"allow":["GET"]}}],"collection":[{"href":"https:\/\/enemalta.com.mt\/mt\/wp-json\/wp\/v2\/pages"}],"about":[{"href":"https:\/\/enemalta.com.mt\/mt\/wp-json\/wp\/v2\/types\/page"}],"author":[{"embeddable":true,"href":"https:\/\/enemalta.com.mt\/mt\/wp-json\/wp\/v2\/users\/1"}],"replies":[{"embeddable":true,"href":"https:\/\/enemalta.com.mt\/mt\/wp-json\/wp\/v2\/comments?post=17113"}],"version-history":[{"count":18,"href":"https:\/\/enemalta.com.mt\/mt\/wp-json\/wp\/v2\/pages\/17113\/revisions"}],"predecessor-version":[{"id":20377,"href":"https:\/\/enemalta.com.mt\/mt\/wp-json\/wp\/v2\/pages\/17113\/revisions\/20377"}],"wp:featuredmedia":[{"embeddable":true,"href":"https:\/\/enemalta.com.mt\/mt\/wp-json\/wp\/v2\/media\/16158"}],"wp:attachment":[{"href":"https:\/\/enemalta.com.mt\/mt\/wp-json\/wp\/v2\/media?parent=17113"}],"curies":[{"name":"wp","href":"https:\/\/api.w.org\/{rel}","templated":true}]}}