{"id":17188,"date":"2018-11-28T14:53:58","date_gmt":"2018-11-28T13:53:58","guid":{"rendered":"https:\/\/www.enemalta.com.mt\/data-storika-tariffi-precedenti\/"},"modified":"2018-11-29T10:16:51","modified_gmt":"2018-11-29T09:16:51","slug":"data-storika-tariffi-precedenti","status":"publish","type":"page","link":"https:\/\/enemalta.com.mt\/mt\/data-storika-tariffi-precedenti\/","title":{"rendered":"Data storika &#8211; Tariffi Pre\u010bedenti"},"content":{"rendered":"<div class=\"fusion-fullwidth fullwidth-box fusion-builder-row-1 nonhundred-percent-fullwidth non-hundred-percent-height-scrolling\" style=\"--awb-border-radius-top-left:0px;--awb-border-radius-top-right:0px;--awb-border-radius-bottom-right:0px;--awb-border-radius-bottom-left:0px;--awb-flex-wrap:wrap;\" ><div class=\"fusion-builder-row fusion-row\"><div class=\"fusion-layout-column fusion_builder_column fusion-builder-column-0 fusion_builder_column_1_1 1_1 fusion-one-full fusion-column-first fusion-column-last\" style=\"--awb-bg-size:cover;--awb-margin-bottom:0px;\"><div class=\"fusion-column-wrapper fusion-flex-column-wrapper-legacy\"><div class=\"fusion-text fusion-text-1\"><h4 style=\"text-align: center; font-size: 33px; line-height: 50px;\"><em>Data<\/em> storika &#8211; Tariffi Pre\u010bedenti<\/h4>\n<\/div><div class=\"fusion-alignleft\"><a class=\"fusion-button button-flat fusion-button-default-size button-default fusion-button-default button-1 fusion-button-default-span fusion-button-default-type\" target=\"_self\" href=\"https:\/\/www.enemalta.com.mt\/wp-content\/uploads\/2018\/01\/electricity-tariffs-applicable-between-1st-january-2010-and-30th-march-2014.pdf\"><span class=\"fusion-button-text awb-button__text awb-button__text--default\">IT-TARIFFI TAL-ELETTRIKU APPLIKABBLI BEJN L-1 TA\u2019 JANNAR 2010 U T-30 TA\u2019 MARZU 2014.<\/span><\/a><\/div><div class=\"fusion-sep-clear\"><\/div><div class=\"fusion-separator fusion-full-width-sep\" style=\"margin-left: auto;margin-right: auto;margin-top:32px;width:100%;\"><\/div><div class=\"fusion-sep-clear\"><\/div><div class=\"fusion-alignleft\"><a class=\"fusion-button button-flat fusion-button-default-size button-default fusion-button-default button-2 fusion-button-default-span fusion-button-default-type\" target=\"_self\" href=\"https:\/\/www.enemalta.com.mt\/wp-content\/uploads\/2018\/01\/previous-tarrifs-2008.pdf\"><span class=\"fusion-button-text awb-button__text awb-button__text--default\">IT-TARIFFI TA\u2019 QABEL JANNAR 2010<\/span><\/a><\/div><div class=\"fusion-sep-clear\"><\/div><div class=\"fusion-separator fusion-full-width-sep\" style=\"margin-left: auto;margin-right: auto;margin-top:32px;width:100%;\"><\/div><div class=\"fusion-sep-clear\"><\/div><div class=\"fusion-text fusion-text-2\"><p>L-informazzjoni u \u010b-\u010bifri mni\u017c\u017cilin f&#8217;din il-pa\u0121na huma g\u0127al skopijiet ta\u2019 tag\u0127rif biss. Filwaqt li jsir dak kollu possibli sabiex ti\u0121i \u017cgurata l-e\u017cattezza ta\u2019 din l-informazzjoni, f&#8217;ka\u017c ta\u2019 diskrepanzi bejn l-informazzjoni f&#8217;dan is-sit elettroniku u r-Regolamenti dwar il-Provvista tal-Elettriku jew li\u0121ijiet o\u0127ra applikabbli, id-dettalji fil-le\u0121islazzjoni jipprevalu.&nbsp;<\/p>\n<h6>Stampa- <a href=\"http:\/\/www.viewingmalta.com\" target=\"_blank\" rel=\"noopener\">viewingmalta.com<\/a><\/h6>\n<p>&nbsp;<\/p>\n<\/div><div class=\"fusion-clearfix\"><\/div><\/div><\/div><\/div><\/div>\n","protected":false},"excerpt":{"rendered":"","protected":false},"author":3,"featured_media":16110,"parent":0,"menu_order":0,"comment_status":"closed","ping_status":"closed","template":"","meta":{"_monsterinsights_skip_tracking":false,"_monsterinsights_sitenote_active":false,"_monsterinsights_sitenote_note":"","_monsterinsights_sitenote_category":0,"ngg_post_thumbnail":0,"footnotes":""},"class_list":["post-17188","page","type-page","status-publish","has-post-thumbnail","hentry"],"yoast_head":"<!-- This site is optimized with the Yoast SEO plugin v26.7 - https:\/\/yoast.com\/wordpress\/plugins\/seo\/ -->\n<title>Data storika - Tariffi Pre\u010bedenti - Enemalta<\/title>\n<meta name=\"robots\" content=\"index, follow, max-snippet:-1, max-image-preview:large, max-video-preview:-1\" \/>\n<link rel=\"canonical\" href=\"https:\/\/www.enemalta.com.mt\/historical-data-previous-tariffs\/\" \/>\n<meta property=\"og:locale\" content=\"mt_MT\" \/>\n<meta property=\"og:type\" content=\"article\" \/>\n<meta property=\"og:title\" content=\"Data storika - Tariffi Pre\u010bedenti - Enemalta\" \/>\n<meta property=\"og:url\" content=\"https:\/\/www.enemalta.com.mt\/historical-data-previous-tariffs\/\" \/>\n<meta property=\"og:site_name\" content=\"Enemalta\" \/>\n<meta property=\"article:modified_time\" content=\"2018-11-29T09:16:51+00:00\" \/>\n<meta property=\"og:image\" content=\"https:\/\/enemalta.com.mt\/wp-content\/uploads\/2018\/01\/historic_1.jpg\" \/>\n\t<meta property=\"og:image:width\" content=\"1403\" \/>\n\t<meta property=\"og:image:height\" content=\"450\" \/>\n\t<meta property=\"og:image:type\" content=\"image\/jpeg\" \/>\n<meta name=\"twitter:card\" content=\"summary_large_image\" \/>\n<meta name=\"twitter:label1\" content=\"Est. reading time\" \/>\n\t<meta name=\"twitter:data1\" content=\"2 minutes\" \/>\n<script type=\"application\/ld+json\" class=\"yoast-schema-graph\">{\"@context\":\"https:\/\/schema.org\",\"@graph\":[{\"@type\":\"WebPage\",\"@id\":\"https:\/\/www.enemalta.com.mt\/historical-data-previous-tariffs\/\",\"url\":\"https:\/\/www.enemalta.com.mt\/historical-data-previous-tariffs\/\",\"name\":\"Data storika - Tariffi Pre\u010bedenti - Enemalta\",\"isPartOf\":{\"@id\":\"https:\/\/www.enemalta.com.mt\/#website\"},\"primaryImageOfPage\":{\"@id\":\"https:\/\/www.enemalta.com.mt\/historical-data-previous-tariffs\/#primaryimage\"},\"image\":{\"@id\":\"https:\/\/www.enemalta.com.mt\/historical-data-previous-tariffs\/#primaryimage\"},\"thumbnailUrl\":\"\/wp-content\/uploads\/2018\/01\/historic_1.jpg\",\"datePublished\":\"2018-11-28T13:53:58+00:00\",\"dateModified\":\"2018-11-29T09:16:51+00:00\",\"breadcrumb\":{\"@id\":\"https:\/\/www.enemalta.com.mt\/historical-data-previous-tariffs\/#breadcrumb\"},\"inLanguage\":\"mt-MT\",\"potentialAction\":[{\"@type\":\"ReadAction\",\"target\":[\"https:\/\/www.enemalta.com.mt\/historical-data-previous-tariffs\/\"]}]},{\"@type\":\"ImageObject\",\"inLanguage\":\"mt-MT\",\"@id\":\"https:\/\/www.enemalta.com.mt\/historical-data-previous-tariffs\/#primaryimage\",\"url\":\"\/wp-content\/uploads\/2018\/01\/historic_1.jpg\",\"contentUrl\":\"\/wp-content\/uploads\/2018\/01\/historic_1.jpg\",\"width\":1403,\"height\":450},{\"@type\":\"BreadcrumbList\",\"@id\":\"https:\/\/www.enemalta.com.mt\/historical-data-previous-tariffs\/#breadcrumb\",\"itemListElement\":[{\"@type\":\"ListItem\",\"position\":1,\"name\":\"Home\",\"item\":\"https:\/\/www.enemalta.com.mt\/mt\/\"},{\"@type\":\"ListItem\",\"position\":2,\"name\":\"Data storika &#8211; Tariffi Pre\u010bedenti\"}]},{\"@type\":\"WebSite\",\"@id\":\"https:\/\/www.enemalta.com.mt\/#website\",\"url\":\"https:\/\/www.enemalta.com.mt\/\",\"name\":\"Enemalta\",\"description\":\"\",\"potentialAction\":[{\"@type\":\"SearchAction\",\"target\":{\"@type\":\"EntryPoint\",\"urlTemplate\":\"https:\/\/www.enemalta.com.mt\/?s={search_term_string}\"},\"query-input\":{\"@type\":\"PropertyValueSpecification\",\"valueRequired\":true,\"valueName\":\"search_term_string\"}}],\"inLanguage\":\"mt-MT\"}]}<\/script>\n<!-- \/ Yoast SEO plugin. -->","yoast_head_json":{"title":"Data storika - Tariffi Pre\u010bedenti - Enemalta","robots":{"index":"index","follow":"follow","max-snippet":"max-snippet:-1","max-image-preview":"max-image-preview:large","max-video-preview":"max-video-preview:-1"},"canonical":"https:\/\/www.enemalta.com.mt\/historical-data-previous-tariffs\/","og_locale":"mt_MT","og_type":"article","og_title":"Data storika - Tariffi Pre\u010bedenti - Enemalta","og_url":"https:\/\/www.enemalta.com.mt\/historical-data-previous-tariffs\/","og_site_name":"Enemalta","article_modified_time":"2018-11-29T09:16:51+00:00","og_image":[{"width":1403,"height":450,"url":"https:\/\/enemalta.com.mt\/wp-content\/uploads\/2018\/01\/historic_1.jpg","type":"image\/jpeg"}],"twitter_card":"summary_large_image","twitter_misc":{"Est. reading time":"2 minutes"},"schema":{"@context":"https:\/\/schema.org","@graph":[{"@type":"WebPage","@id":"https:\/\/www.enemalta.com.mt\/historical-data-previous-tariffs\/","url":"https:\/\/www.enemalta.com.mt\/historical-data-previous-tariffs\/","name":"Data storika - Tariffi Pre\u010bedenti - Enemalta","isPartOf":{"@id":"https:\/\/www.enemalta.com.mt\/#website"},"primaryImageOfPage":{"@id":"https:\/\/www.enemalta.com.mt\/historical-data-previous-tariffs\/#primaryimage"},"image":{"@id":"https:\/\/www.enemalta.com.mt\/historical-data-previous-tariffs\/#primaryimage"},"thumbnailUrl":"\/wp-content\/uploads\/2018\/01\/historic_1.jpg","datePublished":"2018-11-28T13:53:58+00:00","dateModified":"2018-11-29T09:16:51+00:00","breadcrumb":{"@id":"https:\/\/www.enemalta.com.mt\/historical-data-previous-tariffs\/#breadcrumb"},"inLanguage":"mt-MT","potentialAction":[{"@type":"ReadAction","target":["https:\/\/www.enemalta.com.mt\/historical-data-previous-tariffs\/"]}]},{"@type":"ImageObject","inLanguage":"mt-MT","@id":"https:\/\/www.enemalta.com.mt\/historical-data-previous-tariffs\/#primaryimage","url":"\/wp-content\/uploads\/2018\/01\/historic_1.jpg","contentUrl":"\/wp-content\/uploads\/2018\/01\/historic_1.jpg","width":1403,"height":450},{"@type":"BreadcrumbList","@id":"https:\/\/www.enemalta.com.mt\/historical-data-previous-tariffs\/#breadcrumb","itemListElement":[{"@type":"ListItem","position":1,"name":"Home","item":"https:\/\/www.enemalta.com.mt\/mt\/"},{"@type":"ListItem","position":2,"name":"Data storika &#8211; Tariffi Pre\u010bedenti"}]},{"@type":"WebSite","@id":"https:\/\/www.enemalta.com.mt\/#website","url":"https:\/\/www.enemalta.com.mt\/","name":"Enemalta","description":"","potentialAction":[{"@type":"SearchAction","target":{"@type":"EntryPoint","urlTemplate":"https:\/\/www.enemalta.com.mt\/?s={search_term_string}"},"query-input":{"@type":"PropertyValueSpecification","valueRequired":true,"valueName":"search_term_string"}}],"inLanguage":"mt-MT"}]}},"_links":{"self":[{"href":"https:\/\/enemalta.com.mt\/mt\/wp-json\/wp\/v2\/pages\/17188","targetHints":{"allow":["GET"]}}],"collection":[{"href":"https:\/\/enemalta.com.mt\/mt\/wp-json\/wp\/v2\/pages"}],"about":[{"href":"https:\/\/enemalta.com.mt\/mt\/wp-json\/wp\/v2\/types\/page"}],"author":[{"embeddable":true,"href":"https:\/\/enemalta.com.mt\/mt\/wp-json\/wp\/v2\/users\/3"}],"replies":[{"embeddable":true,"href":"https:\/\/enemalta.com.mt\/mt\/wp-json\/wp\/v2\/comments?post=17188"}],"version-history":[{"count":2,"href":"https:\/\/enemalta.com.mt\/mt\/wp-json\/wp\/v2\/pages\/17188\/revisions"}],"predecessor-version":[{"id":17223,"href":"https:\/\/enemalta.com.mt\/mt\/wp-json\/wp\/v2\/pages\/17188\/revisions\/17223"}],"wp:featuredmedia":[{"embeddable":true,"href":"https:\/\/enemalta.com.mt\/mt\/wp-json\/wp\/v2\/media\/16110"}],"wp:attachment":[{"href":"https:\/\/enemalta.com.mt\/mt\/wp-json\/wp\/v2\/media?parent=17188"}],"curies":[{"name":"wp","href":"https:\/\/api.w.org\/{rel}","templated":true}]}}