{"id":26351,"date":"2025-03-03T11:47:52","date_gmt":"2025-03-03T10:47:52","guid":{"rendered":"https:\/\/enemalta.com.mt\/available-capacity\/"},"modified":"2026-01-07T14:39:13","modified_gmt":"2026-01-07T13:39:13","slug":"available-capacity","status":"publish","type":"page","link":"https:\/\/enemalta.com.mt\/mt\/available-capacity\/","title":{"rendered":"Capcita"},"content":{"rendered":"<div class=\"fusion-fullwidth fullwidth-box fusion-builder-row-1 fusion-flex-container has-pattern-background has-mask-background hundred-percent-fullwidth non-hundred-percent-height-scrolling\" style=\"--awb-border-radius-top-left:0px;--awb-border-radius-top-right:0px;--awb-border-radius-bottom-right:0px;--awb-border-radius-bottom-left:0px;--awb-flex-wrap:wrap;\" ><div class=\"fusion-builder-row fusion-row fusion-flex-align-items-flex-start fusion-flex-content-wrap\" style=\"width:104% !important;max-width:104% !important;margin-left: calc(-4% \/ 2 );margin-right: calc(-4% \/ 2 );\"><div class=\"fusion-layout-column fusion_builder_column fusion-builder-column-0 fusion_builder_column_1_1 1_1 fusion-flex-column\" style=\"--awb-bg-size:cover;--awb-width-large:100%;--awb-margin-top-large:0px;--awb-spacing-right-large:1.92%;--awb-margin-bottom-large:20px;--awb-spacing-left-large:1.92%;--awb-width-medium:100%;--awb-order-medium:0;--awb-spacing-right-medium:1.92%;--awb-spacing-left-medium:1.92%;--awb-width-small:100%;--awb-order-small:0;--awb-spacing-right-small:1.92%;--awb-spacing-left-small:1.92%;\"><div class=\"fusion-column-wrapper fusion-column-has-shadow fusion-flex-justify-content-flex-start fusion-content-layout-column\"><div class=\"fusion-title title fusion-title-1 fusion-sep-none fusion-title-center fusion-title-text fusion-title-size-one\" style=\"--awb-margin-top:50px;\"><h1 class=\"fusion-title-heading title-heading-center\" style=\"margin:0;\">Capcita<\/h1><\/div><div class=\"fusion-text fusion-text-1\"><p>&nbsp;<\/p>\n<p><strong><u>What is the purpose of the capacity map?<\/u><\/strong><\/p>\n<p>Il-mappa li turi l-kapa\u010bit\u00e0 disponibbli g\u0127al konnessjonijiet \u0121odda qed ti\u0121i ppubblikata skont l-Artikolu 57(3) tar-Regolament (UE) 2019\/943 u r-Regolament 28(3)(a) tar-Regolamenti tal-Elettriku (SL545.34). I\u010b-\u010bifri g\u0127all-kapa\u010bit\u00e0 disponibbli jipprovdu stima tal-kapa\u010bit\u00e0 disponibbli fin-netwerk tad-distribuzzjoni fil-livell ta&#8217; vulta\u0121\u0121 baxx f&#8217;kull lokalit\u00e0 murija. I\u010b-\u010bifri murija m\u2019g\u0127andhomx ji\u0121u interpretati b\u0127ala impenn minn Enemalta, u Enemalta ma tista\u2019 ta\u010b\u010betta l-ebda responsabbilt\u00e0 g\u0127al kwalunkwe konsegwenza jew telf li jista\u2019 jirri\u017culta mid-dipendenza fuq l-informazzjoni relatata. Kull talba g\u0127all-kapa\u010bit\u00e0 ta&#8217; konnessjoni tan-netwerk se ti\u0121i evalwata skont ir-Regolamenti dwar il-Konnessjoni u l-Provvista tal-Elettriku, li jistg\u0127u jinkludu studju tal-grilja.&nbsp;  I\u010b-\u010bifri pprovduti ma jqisux ix-xog\u0127lijiet attwali ta&#8217; tis\u0127i\u0127 tal-grilja. Il-mappa ti\u0121i a\u0121\u0121ornata kull tliet xhur.<\/p>\n<p>&nbsp;<\/p>\n<p><strong><u>Dak li juru l-figuri fil-mappa<\/u><\/strong><\/p>\n<p>Billi tag\u0127mel zoom in fuq kull substation, wie\u0127ed jista&#8217; jara l-kapa\u010bit\u00e0 disponibbli ta&#8217; transformer \u017cejda f&#8217;kVA, fis-substation spe\u010bifika u l-kapa\u010bit\u00e0 disponibbli tar-RES f&#8217;kWp. Il-kapa\u010bit\u00e0 \u017cejda tat-transformer hija kkalkulata billi ti\u0121i kkunsidrata l-klassifikazzjoni e\u017cistenti tat-transformer u d-domanda storika massima rre\u0121istrata fuq l-istess transformer. I\u010b-\u010bifri g\u0127all-kapa\u010bit\u00e0 addizzjonali disponibbli g\u0127all-installazzjonijiet RES huma determinati billi ji\u0121u kkunsidrati l-kapa\u010bit\u00e0 \u017cejda tat-transformer, il-kapa\u010bit\u00e0 RES installata kif ukoll il-kriterji tal-istabbilt\u00e0 tal-vulta\u0121\u0121 tal-grilja.<\/p>\n<p>&nbsp;<\/p>\n<p><strong><u>Kif tinterpreta l-figuri murija fil-mappa<\/u><\/strong><\/p>\n<p>I\u010b-\u010bifri fuq il-mappa juru l-kapa\u010bit\u00e0 possibbli li tista&#8217; ti\u0121i konnessa. Jekk f&#8217;post spe\u010bifiku \u010b-\u010bifri juru li b\u0127alissa m&#8217;hemmx bi\u017c\u017cejjed kapa\u010bit\u00e0 disponibbli, in-netwerk ta&#8217; distribuzzjoni lokali jkollu l-ewwel ji\u0121i msa\u0127\u0127a\u0127. Ta&#8217; min jinnota li l-mapep ma jurux restrizzjonijiet fuq il-kapa\u010bit\u00e0 li jistg\u0127u je\u017cistu jew li jistg\u0127u je\u017cistu f&#8217;partijiet o\u0127ra tan-netwerk ta&#8217; distribuzzjoni li jirri\u017cultaw mill-kapa\u010bit\u00e0 ta&#8217; konnessjoni mitluba.&nbsp;&nbsp;  Dawn ir-restrizzjonijiet jistg\u0127u je\u0127tie\u0121u tis\u0127i\u0127 addizzjonali.&nbsp;<\/p>\n<\/div><\/div><\/div><\/div><\/div>\n","protected":false},"excerpt":{"rendered":"","protected":false},"author":1,"featured_media":0,"parent":0,"menu_order":0,"comment_status":"closed","ping_status":"closed","template":"tranformer-capacity-map.php","meta":{"_monsterinsights_skip_tracking":false,"_monsterinsights_sitenote_active":false,"_monsterinsights_sitenote_note":"","_monsterinsights_sitenote_category":0,"ngg_post_thumbnail":0,"footnotes":""},"class_list":["post-26351","page","type-page","status-publish","hentry"],"yoast_head":"<!-- This site is optimized with the Yoast SEO plugin v26.7 - https:\/\/yoast.com\/wordpress\/plugins\/seo\/ -->\n<title>Capcita - Enemalta<\/title>\n<meta name=\"robots\" content=\"index, follow, max-snippet:-1, max-image-preview:large, max-video-preview:-1\" \/>\n<link rel=\"canonical\" href=\"https:\/\/enemalta.com.mt\/mt\/available-capacity\/\" \/>\n<meta property=\"og:locale\" content=\"mt_MT\" \/>\n<meta property=\"og:type\" content=\"article\" \/>\n<meta property=\"og:title\" content=\"Capcita - Enemalta\" \/>\n<meta property=\"og:url\" content=\"https:\/\/enemalta.com.mt\/mt\/available-capacity\/\" \/>\n<meta property=\"og:site_name\" content=\"Enemalta\" \/>\n<meta property=\"article:modified_time\" content=\"2026-01-07T13:39:13+00:00\" \/>\n<meta name=\"twitter:card\" content=\"summary_large_image\" \/>\n<meta name=\"twitter:label1\" content=\"Est. reading time\" \/>\n\t<meta name=\"twitter:data1\" content=\"2 minutes\" \/>\n<script type=\"application\/ld+json\" class=\"yoast-schema-graph\">{\"@context\":\"https:\/\/schema.org\",\"@graph\":[{\"@type\":\"WebPage\",\"@id\":\"https:\/\/enemalta.com.mt\/mt\/available-capacity\/\",\"url\":\"https:\/\/enemalta.com.mt\/mt\/available-capacity\/\",\"name\":\"Capcita - Enemalta\",\"isPartOf\":{\"@id\":\"https:\/\/www.enemalta.com.mt\/#website\"},\"datePublished\":\"2025-03-03T10:47:52+00:00\",\"dateModified\":\"2026-01-07T13:39:13+00:00\",\"breadcrumb\":{\"@id\":\"https:\/\/enemalta.com.mt\/mt\/available-capacity\/#breadcrumb\"},\"inLanguage\":\"mt-MT\",\"potentialAction\":[{\"@type\":\"ReadAction\",\"target\":[\"https:\/\/enemalta.com.mt\/mt\/available-capacity\/\"]}]},{\"@type\":\"BreadcrumbList\",\"@id\":\"https:\/\/enemalta.com.mt\/mt\/available-capacity\/#breadcrumb\",\"itemListElement\":[{\"@type\":\"ListItem\",\"position\":1,\"name\":\"Home\",\"item\":\"https:\/\/enemalta.com.mt\/mt\/\"},{\"@type\":\"ListItem\",\"position\":2,\"name\":\"Capcita\"}]},{\"@type\":\"WebSite\",\"@id\":\"https:\/\/www.enemalta.com.mt\/#website\",\"url\":\"https:\/\/www.enemalta.com.mt\/\",\"name\":\"Enemalta\",\"description\":\"\",\"potentialAction\":[{\"@type\":\"SearchAction\",\"target\":{\"@type\":\"EntryPoint\",\"urlTemplate\":\"https:\/\/www.enemalta.com.mt\/?s={search_term_string}\"},\"query-input\":{\"@type\":\"PropertyValueSpecification\",\"valueRequired\":true,\"valueName\":\"search_term_string\"}}],\"inLanguage\":\"mt-MT\"}]}<\/script>\n<!-- \/ Yoast SEO plugin. -->","yoast_head_json":{"title":"Capcita - Enemalta","robots":{"index":"index","follow":"follow","max-snippet":"max-snippet:-1","max-image-preview":"max-image-preview:large","max-video-preview":"max-video-preview:-1"},"canonical":"https:\/\/enemalta.com.mt\/mt\/available-capacity\/","og_locale":"mt_MT","og_type":"article","og_title":"Capcita - Enemalta","og_url":"https:\/\/enemalta.com.mt\/mt\/available-capacity\/","og_site_name":"Enemalta","article_modified_time":"2026-01-07T13:39:13+00:00","twitter_card":"summary_large_image","twitter_misc":{"Est. reading time":"2 minutes"},"schema":{"@context":"https:\/\/schema.org","@graph":[{"@type":"WebPage","@id":"https:\/\/enemalta.com.mt\/mt\/available-capacity\/","url":"https:\/\/enemalta.com.mt\/mt\/available-capacity\/","name":"Capcita - Enemalta","isPartOf":{"@id":"https:\/\/www.enemalta.com.mt\/#website"},"datePublished":"2025-03-03T10:47:52+00:00","dateModified":"2026-01-07T13:39:13+00:00","breadcrumb":{"@id":"https:\/\/enemalta.com.mt\/mt\/available-capacity\/#breadcrumb"},"inLanguage":"mt-MT","potentialAction":[{"@type":"ReadAction","target":["https:\/\/enemalta.com.mt\/mt\/available-capacity\/"]}]},{"@type":"BreadcrumbList","@id":"https:\/\/enemalta.com.mt\/mt\/available-capacity\/#breadcrumb","itemListElement":[{"@type":"ListItem","position":1,"name":"Home","item":"https:\/\/enemalta.com.mt\/mt\/"},{"@type":"ListItem","position":2,"name":"Capcita"}]},{"@type":"WebSite","@id":"https:\/\/www.enemalta.com.mt\/#website","url":"https:\/\/www.enemalta.com.mt\/","name":"Enemalta","description":"","potentialAction":[{"@type":"SearchAction","target":{"@type":"EntryPoint","urlTemplate":"https:\/\/www.enemalta.com.mt\/?s={search_term_string}"},"query-input":{"@type":"PropertyValueSpecification","valueRequired":true,"valueName":"search_term_string"}}],"inLanguage":"mt-MT"}]}},"_links":{"self":[{"href":"https:\/\/enemalta.com.mt\/mt\/wp-json\/wp\/v2\/pages\/26351","targetHints":{"allow":["GET"]}}],"collection":[{"href":"https:\/\/enemalta.com.mt\/mt\/wp-json\/wp\/v2\/pages"}],"about":[{"href":"https:\/\/enemalta.com.mt\/mt\/wp-json\/wp\/v2\/types\/page"}],"author":[{"embeddable":true,"href":"https:\/\/enemalta.com.mt\/mt\/wp-json\/wp\/v2\/users\/1"}],"replies":[{"embeddable":true,"href":"https:\/\/enemalta.com.mt\/mt\/wp-json\/wp\/v2\/comments?post=26351"}],"version-history":[{"count":4,"href":"https:\/\/enemalta.com.mt\/mt\/wp-json\/wp\/v2\/pages\/26351\/revisions"}],"predecessor-version":[{"id":26592,"href":"https:\/\/enemalta.com.mt\/mt\/wp-json\/wp\/v2\/pages\/26351\/revisions\/26592"}],"wp:attachment":[{"href":"https:\/\/enemalta.com.mt\/mt\/wp-json\/wp\/v2\/media?parent=26351"}],"curies":[{"name":"wp","href":"https:\/\/api.w.org\/{rel}","templated":true}]}}